{"id":1529,"date":"2016-03-09T18:17:40","date_gmt":"2016-03-09T18:17:40","guid":{"rendered":"http:\/\/contempothemes.com\/wp-real-estate-7\/multi-demo\/?page_id=1529"},"modified":"2024-06-05T00:17:12","modified_gmt":"2024-06-04T23:17:12","slug":"advanced-search","status":"publish","type":"page","link":"https:\/\/tufincasi.com\/en\/advanced-search\/","title":{"rendered":"Buscador de Inmuebles"},"content":{"rendered":"<p>Haga una b\u00fasqueda de la propiedad que desee en nuestro buscador avanzado, seleccione lo que prefiera y de al bot\u00f3n de buscar, <strong>su futuro inmueble est\u00e1 a solo un click<\/strong>.<\/p>\n<p>Para cualquier consulta o informaci\u00f3n que necesite de cualquier inmueble, o quiere hacer una operaci\u00f3n inmobiliaria, no dude en ponerse en contacto con nosotros.<\/p>\n<p>&nbsp;<\/p>","protected":false},"excerpt":{"rendered":"<p>Haga una b\u00fasqueda de la propiedad que desee en nuestro buscador avanzado, seleccione lo que prefiera y de al bot\u00f3n de buscar, su futuro inmueble est\u00e1 a solo un click. Para cualquier consulta o informaci\u00f3n que necesite de cualquier inmueble, o quiere hacer una operaci\u00f3n inmobiliaria, no dude en ponerse en contacto con nosotros. &nbsp;<\/p>","protected":false},"author":1,"featured_media":6430,"parent":0,"menu_order":0,"comment_status":"closed","ping_status":"closed","template":"template-advanced-search.php","meta":{"footnotes":""},"class_list":["post-1529","page","type-page","status-publish","has-post-thumbnail","hentry"],"yoast_head":"<!-- This site is optimized with the Yoast SEO plugin v26.5 - https:\/\/yoast.com\/wordpress\/plugins\/seo\/ -->\n<title>Buscador de Inmuebles | Tu Finca servicios inmobiliarios<\/title>\n<meta name=\"description\" content=\"Buscador de Inmuebles: Haga una b\u00fasqueda de la propiedad que desee en nuestro buscador avanzado, seleccione lo que prefiera\" \/>\n<meta name=\"robots\" content=\"index, follow, max-snippet:-1, max-image-preview:large, max-video-preview:-1\" \/>\n<link rel=\"canonical\" href=\"https:\/\/tufincasi.com\/en\/advanced-search\/\" \/>\n<meta property=\"og:locale\" content=\"en_US\" \/>\n<meta property=\"og:type\" content=\"article\" \/>\n<meta property=\"og:title\" content=\"Buscador de Inmuebles | Tu Finca servicios inmobiliarios\" \/>\n<meta property=\"og:description\" content=\"Buscador de Inmuebles: Haga una b\u00fasqueda de la propiedad que desee en nuestro buscador avanzado, seleccione lo que prefiera\" \/>\n<meta property=\"og:url\" content=\"https:\/\/tufincasi.com\/en\/advanced-search\/\" \/>\n<meta property=\"og:site_name\" content=\"Tu Finca servicios inmobiliarios\" \/>\n<meta property=\"article:modified_time\" content=\"2024-06-04T23:17:12+00:00\" \/>\n<meta property=\"og:image\" content=\"https:\/\/tufincasi.com\/wp-content\/uploads\/2021\/09\/logo-final.jpg\" \/>\n\t<meta property=\"og:image:width\" content=\"1395\" \/>\n\t<meta property=\"og:image:height\" content=\"1172\" \/>\n\t<meta property=\"og:image:type\" content=\"image\/jpeg\" \/>\n<meta name=\"twitter:card\" content=\"summary_large_image\" \/>\n<meta name=\"twitter:label1\" content=\"Est. reading time\" \/>\n\t<meta name=\"twitter:data1\" content=\"1 minute\" \/>\n<script type=\"application\/ld+json\" class=\"yoast-schema-graph\">{\"@context\":\"https:\/\/schema.org\",\"@graph\":[{\"@type\":\"WebPage\",\"@id\":\"https:\/\/tufincasi.com\/advanced-search\/\",\"url\":\"https:\/\/tufincasi.com\/advanced-search\/\",\"name\":\"Buscador de Inmuebles | Tu Finca servicios inmobiliarios\",\"isPartOf\":{\"@id\":\"https:\/\/tufincasi.com\/#website\"},\"primaryImageOfPage\":{\"@id\":\"https:\/\/tufincasi.com\/advanced-search\/#primaryimage\"},\"image\":{\"@id\":\"https:\/\/tufincasi.com\/advanced-search\/#primaryimage\"},\"thumbnailUrl\":\"https:\/\/tufincasi.com\/wp-content\/uploads\/2021\/09\/logo-final.jpg\",\"datePublished\":\"2016-03-09T18:17:40+00:00\",\"dateModified\":\"2024-06-04T23:17:12+00:00\",\"description\":\"Buscador de Inmuebles: Haga una b\u00fasqueda de la propiedad que desee en nuestro buscador avanzado, seleccione lo que prefiera\",\"breadcrumb\":{\"@id\":\"https:\/\/tufincasi.com\/advanced-search\/#breadcrumb\"},\"inLanguage\":\"en-US\",\"potentialAction\":[{\"@type\":\"ReadAction\",\"target\":[\"https:\/\/tufincasi.com\/advanced-search\/\"]}]},{\"@type\":\"ImageObject\",\"inLanguage\":\"en-US\",\"@id\":\"https:\/\/tufincasi.com\/advanced-search\/#primaryimage\",\"url\":\"https:\/\/tufincasi.com\/wp-content\/uploads\/2021\/09\/logo-final.jpg\",\"contentUrl\":\"https:\/\/tufincasi.com\/wp-content\/uploads\/2021\/09\/logo-final.jpg\",\"width\":1395,\"height\":1172,\"caption\":\"Logo | Tu Finca\"},{\"@type\":\"BreadcrumbList\",\"@id\":\"https:\/\/tufincasi.com\/advanced-search\/#breadcrumb\",\"itemListElement\":[{\"@type\":\"ListItem\",\"position\":1,\"name\":\"Portada\",\"item\":\"https:\/\/tufincasi.com\/\"},{\"@type\":\"ListItem\",\"position\":2,\"name\":\"Buscador de Inmuebles\"}]},{\"@type\":\"WebSite\",\"@id\":\"https:\/\/tufincasi.com\/#website\",\"url\":\"https:\/\/tufincasi.com\/\",\"name\":\"Tu Finca servicios inmobiliarios\",\"description\":\"Compra venta y alquiler de inmuebles, seguros y administraci\u00f3n de fincas\",\"potentialAction\":[{\"@type\":\"SearchAction\",\"target\":{\"@type\":\"EntryPoint\",\"urlTemplate\":\"https:\/\/tufincasi.com\/?s={search_term_string}\"},\"query-input\":{\"@type\":\"PropertyValueSpecification\",\"valueRequired\":true,\"valueName\":\"search_term_string\"}}],\"inLanguage\":\"en-US\"}]}<\/script>\n<!-- \/ Yoast SEO plugin. -->","yoast_head_json":{"title":"Buscador de Inmuebles | Tu Finca servicios inmobiliarios","description":"Buscador de Inmuebles: Haga una b\u00fasqueda de la propiedad que desee en nuestro buscador avanzado, seleccione lo que prefiera","robots":{"index":"index","follow":"follow","max-snippet":"max-snippet:-1","max-image-preview":"max-image-preview:large","max-video-preview":"max-video-preview:-1"},"canonical":"https:\/\/tufincasi.com\/en\/advanced-search\/","og_locale":"en_US","og_type":"article","og_title":"Buscador de Inmuebles | Tu Finca servicios inmobiliarios","og_description":"Buscador de Inmuebles: Haga una b\u00fasqueda de la propiedad que desee en nuestro buscador avanzado, seleccione lo que prefiera","og_url":"https:\/\/tufincasi.com\/en\/advanced-search\/","og_site_name":"Tu Finca servicios inmobiliarios","article_modified_time":"2024-06-04T23:17:12+00:00","og_image":[{"width":1395,"height":1172,"url":"https:\/\/tufincasi.com\/wp-content\/uploads\/2021\/09\/logo-final.jpg","type":"image\/jpeg"}],"twitter_card":"summary_large_image","twitter_misc":{"Est. reading time":"1 minute"},"schema":{"@context":"https:\/\/schema.org","@graph":[{"@type":"WebPage","@id":"https:\/\/tufincasi.com\/advanced-search\/","url":"https:\/\/tufincasi.com\/advanced-search\/","name":"Buscador de Inmuebles | Tu Finca servicios inmobiliarios","isPartOf":{"@id":"https:\/\/tufincasi.com\/#website"},"primaryImageOfPage":{"@id":"https:\/\/tufincasi.com\/advanced-search\/#primaryimage"},"image":{"@id":"https:\/\/tufincasi.com\/advanced-search\/#primaryimage"},"thumbnailUrl":"https:\/\/tufincasi.com\/wp-content\/uploads\/2021\/09\/logo-final.jpg","datePublished":"2016-03-09T18:17:40+00:00","dateModified":"2024-06-04T23:17:12+00:00","description":"Buscador de Inmuebles: Haga una b\u00fasqueda de la propiedad que desee en nuestro buscador avanzado, seleccione lo que prefiera","breadcrumb":{"@id":"https:\/\/tufincasi.com\/advanced-search\/#breadcrumb"},"inLanguage":"en-US","potentialAction":[{"@type":"ReadAction","target":["https:\/\/tufincasi.com\/advanced-search\/"]}]},{"@type":"ImageObject","inLanguage":"en-US","@id":"https:\/\/tufincasi.com\/advanced-search\/#primaryimage","url":"https:\/\/tufincasi.com\/wp-content\/uploads\/2021\/09\/logo-final.jpg","contentUrl":"https:\/\/tufincasi.com\/wp-content\/uploads\/2021\/09\/logo-final.jpg","width":1395,"height":1172,"caption":"Logo | Tu Finca"},{"@type":"BreadcrumbList","@id":"https:\/\/tufincasi.com\/advanced-search\/#breadcrumb","itemListElement":[{"@type":"ListItem","position":1,"name":"Portada","item":"https:\/\/tufincasi.com\/"},{"@type":"ListItem","position":2,"name":"Buscador de Inmuebles"}]},{"@type":"WebSite","@id":"https:\/\/tufincasi.com\/#website","url":"https:\/\/tufincasi.com\/","name":"Tu Finca servicios inmobiliarios","description":"Compra venta y alquiler de inmuebles, seguros y administraci\u00f3n de fincas","potentialAction":[{"@type":"SearchAction","target":{"@type":"EntryPoint","urlTemplate":"https:\/\/tufincasi.com\/?s={search_term_string}"},"query-input":{"@type":"PropertyValueSpecification","valueRequired":true,"valueName":"search_term_string"}}],"inLanguage":"en-US"}]}},"_links":{"self":[{"href":"https:\/\/tufincasi.com\/en\/wp-json\/wp\/v2\/pages\/1529","targetHints":{"allow":["GET"]}}],"collection":[{"href":"https:\/\/tufincasi.com\/en\/wp-json\/wp\/v2\/pages"}],"about":[{"href":"https:\/\/tufincasi.com\/en\/wp-json\/wp\/v2\/types\/page"}],"author":[{"embeddable":true,"href":"https:\/\/tufincasi.com\/en\/wp-json\/wp\/v2\/users\/1"}],"replies":[{"embeddable":true,"href":"https:\/\/tufincasi.com\/en\/wp-json\/wp\/v2\/comments?post=1529"}],"version-history":[{"count":8,"href":"https:\/\/tufincasi.com\/en\/wp-json\/wp\/v2\/pages\/1529\/revisions"}],"predecessor-version":[{"id":8677,"href":"https:\/\/tufincasi.com\/en\/wp-json\/wp\/v2\/pages\/1529\/revisions\/8677"}],"wp:featuredmedia":[{"embeddable":true,"href":"https:\/\/tufincasi.com\/en\/wp-json\/wp\/v2\/media\/6430"}],"wp:attachment":[{"href":"https:\/\/tufincasi.com\/en\/wp-json\/wp\/v2\/media?parent=1529"}],"curies":[{"name":"wp","href":"https:\/\/api.w.org\/{rel}","templated":true}]}}