{"id":2278,"date":"2017-03-16T11:16:03","date_gmt":"2017-03-16T10:16:03","guid":{"rendered":"https:\/\/tufincasi.com\/?page_id=2278"},"modified":"2024-06-05T00:10:15","modified_gmt":"2024-06-04T23:10:15","slug":"administracion-de-fincas","status":"publish","type":"page","link":"https:\/\/tufincasi.com\/en\/administracion-de-fincas\/","title":{"rendered":"Administraci\u00f3n de fincas"},"content":{"rendered":"<div data-elementor-type=\"wp-page\" data-elementor-id=\"2278\" class=\"elementor elementor-2278\">\n\t\t\t\t\t\t<section class=\"elementor-section elementor-top-section elementor-element elementor-element-4f671119 elementor-section-boxed elementor-section-height-default elementor-section-height-default\" data-id=\"4f671119\" data-element_type=\"section\">\n\t\t\t\t\t\t<div class=\"elementor-container elementor-column-gap-default\">\n\t\t\t\t\t<div class=\"elementor-column elementor-col-100 elementor-top-column elementor-element elementor-element-fbcbf58\" data-id=\"fbcbf58\" data-element_type=\"column\">\n\t\t\t<div class=\"elementor-widget-wrap elementor-element-populated\">\n\t\t\t\t\t\t<div class=\"elementor-element elementor-element-0c85f34 elementor-widget elementor-widget-heading\" data-id=\"0c85f34\" data-element_type=\"widget\" data-widget_type=\"heading.default\">\n\t\t\t\t<div class=\"elementor-widget-container\">\n\t\t\t\t\t<h2 class=\"elementor-heading-title elementor-size-default\">Administradores de Fincas<\/h2>\t\t\t\t<\/div>\n\t\t\t\t<\/div>\n\t\t\t\t<div class=\"elementor-element elementor-element-6d6b2282 elementor-widget elementor-widget-text-editor\" data-id=\"6d6b2282\" data-element_type=\"widget\" data-widget_type=\"text-editor.default\">\n\t\t\t\t<div class=\"elementor-widget-container\">\n\t\t\t\t\t\t\t\t\t<p><span style=\"color: #000000; font-family: Arial; font-size: small;\">Cuando una\u00a0Comunidad\u00a0se pone en contacto con <strong>TU FINCA Servicios Inmobiliarios<\/strong>, sabemos que detr\u00e1s de esa llamada hay ilusiones, necesidades y problemas que resolver y somos muy conscientes, que esa confianza que depositan en nosotros no se puede defraudar.\u00a0<\/span><\/p><div align=\"justify\"><strong><span style=\"font-family: Arial; font-size: small;\">Nuestra Filosof\u00eda es la que\u00a0nos hace ser como somos\u00a0y fundamentalmente nuestras bases son:<\/span><\/strong><\/div><ul><li><span style=\"color: #000000; font-family: Arial; font-size: small;\">Busqueda de la calidad total.<\/span><\/li><li><span style=\"color: #000000; font-family: Arial; font-size: small;\">Optimizaci\u00f3n y reducci\u00f3n de costes.<\/span><\/li><li><span style=\"color: #000000; font-family: Arial; font-size: small;\">Absoluta entrega y dedicaci\u00f3n por nuestros clientes.<\/span><\/li><li><span style=\"color: #000000; font-family: Arial; font-size: small;\">Atenci\u00f3n personalizada.<\/span><\/li><li><span style=\"color: #000000; font-family: Arial; font-size: small;\">Profesionalidad, transparencia y seriedad en el trabajo.<\/span><\/li><li><span style=\"color: #000000; font-family: Arial; font-size: small;\">Consciencia de nuestra responsabilidad.<\/span><\/li><li><span style=\"font-family: Arial;\"><span style=\"font-size: small;\"><span style=\"color: #000000;\">Satisfacci\u00f3n por el trabajo bien realizado.<\/span><\/span><\/span><\/li><\/ul>\t\t\t\t\t\t\t\t<\/div>\n\t\t\t\t<\/div>\n\t\t\t\t\t<\/div>\n\t\t<\/div>\n\t\t\t\t\t<\/div>\n\t\t<\/section>\n\t\t\t\t<section class=\"elementor-section elementor-top-section elementor-element elementor-element-9339cd9 elementor-section-boxed elementor-section-height-default elementor-section-height-default\" data-id=\"9339cd9\" data-element_type=\"section\">\n\t\t\t\t\t\t<div class=\"elementor-container elementor-column-gap-default\">\n\t\t\t\t\t<div class=\"elementor-column elementor-col-50 elementor-top-column elementor-element elementor-element-9d36358\" data-id=\"9d36358\" data-element_type=\"column\">\n\t\t\t<div class=\"elementor-widget-wrap elementor-element-populated\">\n\t\t\t\t\t\t<div class=\"elementor-element elementor-element-6520520 elementor-widget elementor-widget-image\" data-id=\"6520520\" data-element_type=\"widget\" data-widget_type=\"image.default\">\n\t\t\t\t<div class=\"elementor-widget-container\">\n\t\t\t\t\t\t\t\t\t\t\t\t\t\t\t<img fetchpriority=\"high\" decoding=\"async\" width=\"300\" height=\"300\" src=\"https:\/\/tufincasi.com\/wp-content\/uploads\/2024\/05\/logo-colegio2-administradores800-300x300-1.webp\" class=\"attachment-large size-large wp-image-8478\" alt=\"\" srcset=\"https:\/\/tufincasi.com\/wp-content\/uploads\/2024\/05\/logo-colegio2-administradores800-300x300-1.webp 300w, https:\/\/tufincasi.com\/wp-content\/uploads\/2024\/05\/logo-colegio2-administradores800-300x300-1-150x150.webp 150w\" sizes=\"(max-width: 300px) 100vw, 300px\" \/>\t\t\t\t\t\t\t\t\t\t\t\t\t\t\t<\/div>\n\t\t\t\t<\/div>\n\t\t\t\t\t<\/div>\n\t\t<\/div>\n\t\t\t\t<div class=\"elementor-column elementor-col-50 elementor-top-column elementor-element elementor-element-da3b03e\" data-id=\"da3b03e\" data-element_type=\"column\">\n\t\t\t<div class=\"elementor-widget-wrap elementor-element-populated\">\n\t\t\t\t\t\t<section class=\"elementor-section elementor-inner-section elementor-element elementor-element-9a5f346 elementor-section-boxed elementor-section-height-default elementor-section-height-default\" data-id=\"9a5f346\" data-element_type=\"section\">\n\t\t\t\t\t\t<div class=\"elementor-container elementor-column-gap-default\">\n\t\t\t\t\t<div class=\"elementor-column elementor-col-100 elementor-inner-column elementor-element elementor-element-f3b4d33\" data-id=\"f3b4d33\" data-element_type=\"column\" data-settings=\"{&quot;background_background&quot;:&quot;classic&quot;}\">\n\t\t\t<div class=\"elementor-widget-wrap elementor-element-populated\">\n\t\t\t\t\t\t<div class=\"elementor-element elementor-element-7eecd3b elementor-widget elementor-widget-heading\" data-id=\"7eecd3b\" data-element_type=\"widget\" data-widget_type=\"heading.default\">\n\t\t\t\t<div class=\"elementor-widget-container\">\n\t\t\t\t\t<h2 class=\"elementor-heading-title elementor-size-default\">Inf\u00f3rmese\n<\/h2>\t\t\t\t<\/div>\n\t\t\t\t<\/div>\n\t\t\t\t<div class=\"elementor-element elementor-element-947cc54 elementor-widget elementor-widget-heading\" data-id=\"947cc54\" data-element_type=\"widget\" data-widget_type=\"heading.default\">\n\t\t\t\t<div class=\"elementor-widget-container\">\n\t\t\t\t\t<h2 class=\"elementor-heading-title elementor-size-default\">Sobre nuestros servicios\n<\/h2>\t\t\t\t<\/div>\n\t\t\t\t<\/div>\n\t\t\t\t<div class=\"elementor-element elementor-element-0585bf3 elementor-widget elementor-widget-text-editor\" data-id=\"0585bf3\" data-element_type=\"widget\" data-widget_type=\"text-editor.default\">\n\t\t\t\t<div class=\"elementor-widget-container\">\n\t\t\t\t\t\t\t\t\t<p>Cualquier aclaraci\u00f3n, duda o ampliaci\u00f3n de la informaci\u00f3n, pregunte\u00a0sin compromiso, estamos a solo un click.<\/p>\t\t\t\t\t\t\t\t<\/div>\n\t\t\t\t<\/div>\n\t\t\t\t<div class=\"elementor-element elementor-element-047348e elementor-align-center elementor-widget elementor-widget-button\" data-id=\"047348e\" data-element_type=\"widget\" data-widget_type=\"button.default\">\n\t\t\t\t<div class=\"elementor-widget-container\">\n\t\t\t\t\t\t\t\t\t<div class=\"elementor-button-wrapper\">\n\t\t\t\t\t<a class=\"elementor-button elementor-button-link elementor-size-sm\" href=\"https:\/\/tufincasi.com\/en\/contacto\/\">\n\t\t\t\t\t\t<span class=\"elementor-button-content-wrapper\">\n\t\t\t\t\t\t\t\t\t<span class=\"elementor-button-text\">Enviar<\/span>\n\t\t\t\t\t<\/span>\n\t\t\t\t\t<\/a>\n\t\t\t\t<\/div>\n\t\t\t\t\t\t\t\t<\/div>\n\t\t\t\t<\/div>\n\t\t\t\t\t<\/div>\n\t\t<\/div>\n\t\t\t\t\t<\/div>\n\t\t<\/section>\n\t\t\t\t\t<\/div>\n\t\t<\/div>\n\t\t\t\t\t<\/div>\n\t\t<\/section>\n\t\t\t\t<\/div>","protected":false},"excerpt":{"rendered":"<p>Administradores de Fincas Cuando una\u00a0Comunidad\u00a0se pone en contacto con TU FINCA Servicios Inmobiliarios, sabemos que detr\u00e1s de esa llamada hay ilusiones, necesidades y problemas que resolver y somos muy conscientes, que esa confianza que depositan en nosotros no se puede defraudar. Nuestra Filosof\u00eda es la que\u00a0nos hace ser como somos\u00a0y fundamentalmente nuestras bases son: Busqueda [&hellip;]<\/p>","protected":false},"author":1,"featured_media":6430,"parent":0,"menu_order":0,"comment_status":"closed","ping_status":"closed","template":"","meta":{"footnotes":""},"class_list":["post-2278","page","type-page","status-publish","has-post-thumbnail","hentry"],"yoast_head":"<!-- This site is optimized with the Yoast SEO plugin v26.5 - https:\/\/yoast.com\/wordpress\/plugins\/seo\/ -->\n<title>Administraci\u00f3n de fincas | Tu Finca<\/title>\n<meta name=\"description\" content=\"TU FINCA Servicios Inmobiliarios, sabemos que detr\u00e1s de esa llamada hay ilusiones, necesidades y problemas que resolver.\" \/>\n<meta name=\"robots\" content=\"index, follow, max-snippet:-1, max-image-preview:large, max-video-preview:-1\" \/>\n<link rel=\"canonical\" href=\"https:\/\/tufincasi.com\/en\/administracion-de-fincas\/\" \/>\n<meta property=\"og:locale\" content=\"en_US\" \/>\n<meta property=\"og:type\" content=\"article\" \/>\n<meta property=\"og:title\" content=\"Administraci\u00f3n de fincas | Tu Finca\" \/>\n<meta property=\"og:description\" content=\"TU FINCA Servicios Inmobiliarios, sabemos que detr\u00e1s de esa llamada hay ilusiones, necesidades y problemas que resolver.\" \/>\n<meta property=\"og:url\" content=\"https:\/\/tufincasi.com\/en\/administracion-de-fincas\/\" \/>\n<meta property=\"og:site_name\" content=\"Tu Finca servicios inmobiliarios\" \/>\n<meta property=\"article:modified_time\" content=\"2024-06-04T23:10:15+00:00\" \/>\n<meta property=\"og:image\" content=\"https:\/\/tufincasi.com\/wp-content\/uploads\/2021\/09\/logo-final.jpg\" \/>\n\t<meta property=\"og:image:width\" content=\"1395\" \/>\n\t<meta property=\"og:image:height\" content=\"1172\" \/>\n\t<meta property=\"og:image:type\" content=\"image\/jpeg\" \/>\n<meta name=\"twitter:card\" content=\"summary_large_image\" \/>\n<meta name=\"twitter:title\" content=\"Administraci\u00f3n de fincas | Tu Finca\" \/>\n<meta name=\"twitter:description\" content=\"TU FINCA Servicios Inmobiliarios, sabemos que detr\u00e1s de esa llamada hay ilusiones, necesidades y problemas que resolver.\" \/>\n<meta name=\"twitter:image\" content=\"https:\/\/tufincasi.com\/wp-content\/uploads\/2021\/09\/logo-final.jpg\" \/>\n<meta name=\"twitter:label1\" content=\"Est. reading time\" \/>\n\t<meta name=\"twitter:data1\" content=\"1 minute\" \/>\n<script type=\"application\/ld+json\" class=\"yoast-schema-graph\">{\"@context\":\"https:\/\/schema.org\",\"@graph\":[{\"@type\":\"WebPage\",\"@id\":\"https:\/\/tufincasi.com\/administracion-de-fincas\/\",\"url\":\"https:\/\/tufincasi.com\/administracion-de-fincas\/\",\"name\":\"Administraci\u00f3n de fincas | Tu Finca\",\"isPartOf\":{\"@id\":\"https:\/\/tufincasi.com\/#website\"},\"primaryImageOfPage\":{\"@id\":\"https:\/\/tufincasi.com\/administracion-de-fincas\/#primaryimage\"},\"image\":{\"@id\":\"https:\/\/tufincasi.com\/administracion-de-fincas\/#primaryimage\"},\"thumbnailUrl\":\"https:\/\/tufincasi.com\/wp-content\/uploads\/2021\/09\/logo-final.jpg\",\"datePublished\":\"2017-03-16T10:16:03+00:00\",\"dateModified\":\"2024-06-04T23:10:15+00:00\",\"description\":\"TU FINCA Servicios Inmobiliarios, sabemos que detr\u00e1s de esa llamada hay ilusiones, necesidades y problemas que resolver.\",\"breadcrumb\":{\"@id\":\"https:\/\/tufincasi.com\/administracion-de-fincas\/#breadcrumb\"},\"inLanguage\":\"en-US\",\"potentialAction\":[{\"@type\":\"ReadAction\",\"target\":[\"https:\/\/tufincasi.com\/administracion-de-fincas\/\"]}]},{\"@type\":\"ImageObject\",\"inLanguage\":\"en-US\",\"@id\":\"https:\/\/tufincasi.com\/administracion-de-fincas\/#primaryimage\",\"url\":\"https:\/\/tufincasi.com\/wp-content\/uploads\/2021\/09\/logo-final.jpg\",\"contentUrl\":\"https:\/\/tufincasi.com\/wp-content\/uploads\/2021\/09\/logo-final.jpg\",\"width\":1395,\"height\":1172,\"caption\":\"Logo | Tu Finca\"},{\"@type\":\"BreadcrumbList\",\"@id\":\"https:\/\/tufincasi.com\/administracion-de-fincas\/#breadcrumb\",\"itemListElement\":[{\"@type\":\"ListItem\",\"position\":1,\"name\":\"Portada\",\"item\":\"https:\/\/tufincasi.com\/\"},{\"@type\":\"ListItem\",\"position\":2,\"name\":\"Administraci\u00f3n de fincas\"}]},{\"@type\":\"WebSite\",\"@id\":\"https:\/\/tufincasi.com\/#website\",\"url\":\"https:\/\/tufincasi.com\/\",\"name\":\"Tu Finca servicios inmobiliarios\",\"description\":\"Compra venta y alquiler de inmuebles, seguros y administraci\u00f3n de fincas\",\"potentialAction\":[{\"@type\":\"SearchAction\",\"target\":{\"@type\":\"EntryPoint\",\"urlTemplate\":\"https:\/\/tufincasi.com\/?s={search_term_string}\"},\"query-input\":{\"@type\":\"PropertyValueSpecification\",\"valueRequired\":true,\"valueName\":\"search_term_string\"}}],\"inLanguage\":\"en-US\"}]}<\/script>\n<!-- \/ Yoast SEO plugin. -->","yoast_head_json":{"title":"Administraci\u00f3n de fincas | Tu Finca","description":"TU FINCA Servicios Inmobiliarios, sabemos que detr\u00e1s de esa llamada hay ilusiones, necesidades y problemas que resolver.","robots":{"index":"index","follow":"follow","max-snippet":"max-snippet:-1","max-image-preview":"max-image-preview:large","max-video-preview":"max-video-preview:-1"},"canonical":"https:\/\/tufincasi.com\/en\/administracion-de-fincas\/","og_locale":"en_US","og_type":"article","og_title":"Administraci\u00f3n de fincas | Tu Finca","og_description":"TU FINCA Servicios Inmobiliarios, sabemos que detr\u00e1s de esa llamada hay ilusiones, necesidades y problemas que resolver.","og_url":"https:\/\/tufincasi.com\/en\/administracion-de-fincas\/","og_site_name":"Tu Finca servicios inmobiliarios","article_modified_time":"2024-06-04T23:10:15+00:00","og_image":[{"width":1395,"height":1172,"url":"https:\/\/tufincasi.com\/wp-content\/uploads\/2021\/09\/logo-final.jpg","type":"image\/jpeg"}],"twitter_card":"summary_large_image","twitter_title":"Administraci\u00f3n de fincas | Tu Finca","twitter_description":"TU FINCA Servicios Inmobiliarios, sabemos que detr\u00e1s de esa llamada hay ilusiones, necesidades y problemas que resolver.","twitter_image":"https:\/\/tufincasi.com\/wp-content\/uploads\/2021\/09\/logo-final.jpg","twitter_misc":{"Est. reading time":"1 minute"},"schema":{"@context":"https:\/\/schema.org","@graph":[{"@type":"WebPage","@id":"https:\/\/tufincasi.com\/administracion-de-fincas\/","url":"https:\/\/tufincasi.com\/administracion-de-fincas\/","name":"Administraci\u00f3n de fincas | Tu Finca","isPartOf":{"@id":"https:\/\/tufincasi.com\/#website"},"primaryImageOfPage":{"@id":"https:\/\/tufincasi.com\/administracion-de-fincas\/#primaryimage"},"image":{"@id":"https:\/\/tufincasi.com\/administracion-de-fincas\/#primaryimage"},"thumbnailUrl":"https:\/\/tufincasi.com\/wp-content\/uploads\/2021\/09\/logo-final.jpg","datePublished":"2017-03-16T10:16:03+00:00","dateModified":"2024-06-04T23:10:15+00:00","description":"TU FINCA Servicios Inmobiliarios, sabemos que detr\u00e1s de esa llamada hay ilusiones, necesidades y problemas que resolver.","breadcrumb":{"@id":"https:\/\/tufincasi.com\/administracion-de-fincas\/#breadcrumb"},"inLanguage":"en-US","potentialAction":[{"@type":"ReadAction","target":["https:\/\/tufincasi.com\/administracion-de-fincas\/"]}]},{"@type":"ImageObject","inLanguage":"en-US","@id":"https:\/\/tufincasi.com\/administracion-de-fincas\/#primaryimage","url":"https:\/\/tufincasi.com\/wp-content\/uploads\/2021\/09\/logo-final.jpg","contentUrl":"https:\/\/tufincasi.com\/wp-content\/uploads\/2021\/09\/logo-final.jpg","width":1395,"height":1172,"caption":"Logo | Tu Finca"},{"@type":"BreadcrumbList","@id":"https:\/\/tufincasi.com\/administracion-de-fincas\/#breadcrumb","itemListElement":[{"@type":"ListItem","position":1,"name":"Portada","item":"https:\/\/tufincasi.com\/"},{"@type":"ListItem","position":2,"name":"Administraci\u00f3n de fincas"}]},{"@type":"WebSite","@id":"https:\/\/tufincasi.com\/#website","url":"https:\/\/tufincasi.com\/","name":"Tu Finca servicios inmobiliarios","description":"Compra venta y alquiler de inmuebles, seguros y administraci\u00f3n de fincas","potentialAction":[{"@type":"SearchAction","target":{"@type":"EntryPoint","urlTemplate":"https:\/\/tufincasi.com\/?s={search_term_string}"},"query-input":{"@type":"PropertyValueSpecification","valueRequired":true,"valueName":"search_term_string"}}],"inLanguage":"en-US"}]}},"_links":{"self":[{"href":"https:\/\/tufincasi.com\/en\/wp-json\/wp\/v2\/pages\/2278","targetHints":{"allow":["GET"]}}],"collection":[{"href":"https:\/\/tufincasi.com\/en\/wp-json\/wp\/v2\/pages"}],"about":[{"href":"https:\/\/tufincasi.com\/en\/wp-json\/wp\/v2\/types\/page"}],"author":[{"embeddable":true,"href":"https:\/\/tufincasi.com\/en\/wp-json\/wp\/v2\/users\/1"}],"replies":[{"embeddable":true,"href":"https:\/\/tufincasi.com\/en\/wp-json\/wp\/v2\/comments?post=2278"}],"version-history":[{"count":28,"href":"https:\/\/tufincasi.com\/en\/wp-json\/wp\/v2\/pages\/2278\/revisions"}],"predecessor-version":[{"id":8741,"href":"https:\/\/tufincasi.com\/en\/wp-json\/wp\/v2\/pages\/2278\/revisions\/8741"}],"wp:featuredmedia":[{"embeddable":true,"href":"https:\/\/tufincasi.com\/en\/wp-json\/wp\/v2\/media\/6430"}],"wp:attachment":[{"href":"https:\/\/tufincasi.com\/en\/wp-json\/wp\/v2\/media?parent=2278"}],"curies":[{"name":"wp","href":"https:\/\/api.w.org\/{rel}","templated":true}]}}