{"id":2280,"date":"2017-03-16T11:19:13","date_gmt":"2017-03-16T10:19:13","guid":{"rendered":"https:\/\/tufincasi.com\/?page_id=2280"},"modified":"2024-06-05T00:36:27","modified_gmt":"2024-06-04T23:36:27","slug":"seguros","status":"publish","type":"page","link":"https:\/\/tufincasi.com\/en\/seguros\/","title":{"rendered":"Seguros"},"content":{"rendered":"<div data-elementor-type=\"wp-page\" data-elementor-id=\"2280\" class=\"elementor elementor-2280\">\n\t\t\t\t\t\t<section class=\"elementor-section elementor-top-section elementor-element elementor-element-6c7a5419 elementor-section-boxed elementor-section-height-default elementor-section-height-default\" data-id=\"6c7a5419\" data-element_type=\"section\">\n\t\t\t\t\t\t<div class=\"elementor-container elementor-column-gap-default\">\n\t\t\t\t\t<div class=\"elementor-column elementor-col-100 elementor-top-column elementor-element elementor-element-5756b43d\" data-id=\"5756b43d\" data-element_type=\"column\">\n\t\t\t<div class=\"elementor-widget-wrap elementor-element-populated\">\n\t\t\t\t\t\t<div class=\"elementor-element elementor-element-1516dcd elementor-widget elementor-widget-text-editor\" data-id=\"1516dcd\" data-element_type=\"widget\" data-widget_type=\"text-editor.default\">\n\t\t\t\t<div class=\"elementor-widget-container\">\n\t\t\t\t\t\t\t\t\t<p>\u00bfTIENES QUE IR AL DENTISTA Y LA CRISIS NO TE LO PERMITE?<\/p><p>&#8230; AHORA NUESTRA COMPA\u00d1\u00cdA DE SEGUROS TE LO PONE FACIL, POR TAN SOLO 59,97 \u20ac\/A\u00d1O, T\u00da Y TUS HIJOS MENORES DE 10 A\u00d1OS TENDREIS LOS SIGUIENTES SERVICIOS GRATIS:<\/p><p>&#8211; Urgencias<\/p><p>&#8211; Extracci\u00f3n Simple piezas dentales<\/p><p>&#8211; Revisiones Peri\u00f3dicas<\/p><p>&#8211; Mantenimiento y reparaci\u00f3n de pr\u00f3tesis<\/p><p>&#8211; Limpieza bucal<\/p><p>&#8211; Selladores oclusales<\/p><p>&#8211; Fluoraciones<\/p><p>&#8211; Obturaci\u00f3n provisional<\/p><p>&#8211; Educaci\u00f3n Bucal<\/p><p>&#8211; Curas<\/p><p>El resto de los servicios del dentista est\u00e1 franquiciado (paga una cantidad). Puede utilizar los servicios desde el primer d\u00eda. Consulte en nuestra oficina los precios del resto de servicios y los profesionales concertados.<br \/>CON EL <strong>SEGURO<\/strong> DE SU COCHE Y MOTO \u00bfVA PROTEGIDO DE MENOS? \u00bfO VA PROTEGIDO DE MAS? CON AUTOFLEXIBLE Y MOTOFLEXIBLE ELIJA Y PAGUE SOLO POR LAS COBERTURAS QUE REALMENTE NECESITA. NI M\u00c1S, NI MENOS.<\/p><p>&#8230; AHORA SER CLIENTE TIENE DESCUENTO, SI TIENE CONTRATADO UN <strong>SEGURO<\/strong> DE AUTO O MOTO, PODR\u00c1 ACCEDER A DESCUENTO EN LA CONTRATACI\u00d3N DE NUEVAS P\u00d3LIZAS.<\/p><p>PRODUCTOS PARA PARTICULARES<br \/>Desde <strong>TU FINCA Seguros<\/strong> podemos ofrecerle la mas amplia gama de productos Aseguradores y Financieros para darle una respuesta segura en cada necesidad.<br \/>PRODUCTOS PARA EMPRESAS<br \/>Le ofrecemos todo lo que necesita para impulsar su negocio, <strong>Seguros<\/strong> y <strong>Servicios<\/strong> a la medida de su Empresa: para Comercios y Oficinas, para Peque\u00f1a y Mediana Empresa, Todo Riesgo Construcci\u00f3n y Montaje, Seguros de Vida para la protecci\u00f3n de sus empleados, Seguro de Accidentes Colectivos, Retirada del carn\u00e9, Seguros de Flotas, Veh\u00edculos Industriales&#8230;<\/p><p>Adaptables por su flexibilidad a cualquier compa\u00f1\u00eda, sea cual sea su tama\u00f1o o la actividad empresarial.<\/p><p>PRODUCTOS PARA PROFESIONALES<br \/>En <strong>TU FINCA Seguros<\/strong> somos conscientes de los riesgos a los que usted como trabajador aut\u00f3nomo est\u00e1 expuesto: Accidentes laborales, problemas de salud, alta competitividad en el sector, largas jornadas laborables. Riesgos que en muchos casos, hacen que dejen de percibir ingresos fijos que le ayuden a responder a las deudas generadas por su actividad.<\/p><p>Con la experiencia de nuestra compa\u00f1\u00eda especialista en seguros, hemos desarrollado una oferta de productos y servicios dise\u00f1ados con el fin de ayudarle a minimizar el impacto de estos riesgos y permitirle mantener la continuidad de su negocio y su actividad diaria.<\/p><p>&#8220;Grandes soluciones aseguradoras para el trabajador Aut\u00f3nomo y los Empresarios de Pymes&#8221;.<\/p><p>\u00a0<\/p>\t\t\t\t\t\t\t\t<\/div>\n\t\t\t\t<\/div>\n\t\t\t\t\t<\/div>\n\t\t<\/div>\n\t\t\t\t\t<\/div>\n\t\t<\/section>\n\t\t\t\t<section class=\"elementor-section elementor-top-section elementor-element elementor-element-85320d1 elementor-section-boxed elementor-section-height-default elementor-section-height-default\" data-id=\"85320d1\" data-element_type=\"section\">\n\t\t\t\t\t\t<div class=\"elementor-container elementor-column-gap-default\">\n\t\t\t\t\t<div class=\"elementor-column elementor-col-25 elementor-top-column elementor-element elementor-element-f47d5a5\" data-id=\"f47d5a5\" data-element_type=\"column\">\n\t\t\t<div class=\"elementor-widget-wrap elementor-element-populated\">\n\t\t\t\t\t\t<div class=\"elementor-element elementor-element-1364a70 elementor-widget elementor-widget-image\" data-id=\"1364a70\" data-element_type=\"widget\" data-widget_type=\"image.default\">\n\t\t\t\t<div class=\"elementor-widget-container\">\n\t\t\t\t\t\t\t\t\t\t\t\t\t\t\t<img fetchpriority=\"high\" decoding=\"async\" width=\"1024\" height=\"1020\" src=\"https:\/\/tufincasi.com\/wp-content\/uploads\/2017\/05\/AXA-Seguros-1024x1020.jpg\" class=\"attachment-large size-large wp-image-2620\" alt=\"\" srcset=\"https:\/\/tufincasi.com\/wp-content\/uploads\/2017\/05\/AXA-Seguros-1024x1020.jpg 1024w, https:\/\/tufincasi.com\/wp-content\/uploads\/2017\/05\/AXA-Seguros-150x150.jpg 150w, https:\/\/tufincasi.com\/wp-content\/uploads\/2017\/05\/AXA-Seguros-300x300.jpg 300w, https:\/\/tufincasi.com\/wp-content\/uploads\/2017\/05\/AXA-Seguros-768x765.jpg 768w, https:\/\/tufincasi.com\/wp-content\/uploads\/2017\/05\/AXA-Seguros.jpg 1600w\" sizes=\"(max-width: 1024px) 100vw, 1024px\" \/>\t\t\t\t\t\t\t\t\t\t\t\t\t\t\t<\/div>\n\t\t\t\t<\/div>\n\t\t\t\t\t<\/div>\n\t\t<\/div>\n\t\t\t\t<div class=\"elementor-column elementor-col-50 elementor-top-column elementor-element elementor-element-a847567\" data-id=\"a847567\" data-element_type=\"column\">\n\t\t\t<div class=\"elementor-widget-wrap elementor-element-populated\">\n\t\t\t\t\t\t<section class=\"elementor-section elementor-inner-section elementor-element elementor-element-467bb29 elementor-section-boxed elementor-section-height-default elementor-section-height-default\" data-id=\"467bb29\" data-element_type=\"section\">\n\t\t\t\t\t\t<div class=\"elementor-container elementor-column-gap-default\">\n\t\t\t\t\t<div class=\"elementor-column elementor-col-100 elementor-inner-column elementor-element elementor-element-8cfa1a0\" data-id=\"8cfa1a0\" data-element_type=\"column\" data-settings=\"{&quot;background_background&quot;:&quot;classic&quot;}\">\n\t\t\t<div class=\"elementor-widget-wrap elementor-element-populated\">\n\t\t\t\t\t\t<div class=\"elementor-element elementor-element-ebae89b elementor-align-center elementor-widget elementor-widget-button\" data-id=\"ebae89b\" data-element_type=\"widget\" data-widget_type=\"button.default\">\n\t\t\t\t<div class=\"elementor-widget-container\">\n\t\t\t\t\t\t\t\t\t<div class=\"elementor-button-wrapper\">\n\t\t\t\t\t<a class=\"elementor-button elementor-button-link elementor-size-sm\" href=\"https:\/\/tufincasi.com\/en\/contacto\/\">\n\t\t\t\t\t\t<span class=\"elementor-button-content-wrapper\">\n\t\t\t\t\t\t\t\t\t<span class=\"elementor-button-text\">Informaci\u00f3n<\/span>\n\t\t\t\t\t<\/span>\n\t\t\t\t\t<\/a>\n\t\t\t\t<\/div>\n\t\t\t\t\t\t\t\t<\/div>\n\t\t\t\t<\/div>\n\t\t\t\t<div class=\"elementor-element elementor-element-3013731 elementor-widget elementor-widget-heading\" data-id=\"3013731\" data-element_type=\"widget\" data-widget_type=\"heading.default\">\n\t\t\t\t<div class=\"elementor-widget-container\">\n\t\t\t\t\t<h2 class=\"elementor-heading-title elementor-size-default\">\u00bfPreguntas?<\/h2>\t\t\t\t<\/div>\n\t\t\t\t<\/div>\n\t\t\t\t<div class=\"elementor-element elementor-element-88278a1 elementor-widget elementor-widget-heading\" data-id=\"88278a1\" data-element_type=\"widget\" data-widget_type=\"heading.default\">\n\t\t\t\t<div class=\"elementor-widget-container\">\n\t\t\t\t\t<h2 class=\"elementor-heading-title elementor-size-default\">Haz tu consulta\n<\/h2>\t\t\t\t<\/div>\n\t\t\t\t<\/div>\n\t\t\t\t\t<\/div>\n\t\t<\/div>\n\t\t\t\t\t<\/div>\n\t\t<\/section>\n\t\t\t\t\t<\/div>\n\t\t<\/div>\n\t\t\t\t<div class=\"elementor-column elementor-col-25 elementor-top-column elementor-element elementor-element-41453b9\" data-id=\"41453b9\" data-element_type=\"column\">\n\t\t\t<div class=\"elementor-widget-wrap elementor-element-populated\">\n\t\t\t\t\t\t<div class=\"elementor-element elementor-element-6a5e00b elementor-widget elementor-widget-image\" data-id=\"6a5e00b\" data-element_type=\"widget\" data-widget_type=\"image.default\">\n\t\t\t\t<div class=\"elementor-widget-container\">\n\t\t\t\t\t\t\t\t\t\t\t\t\t\t\t<img decoding=\"async\" width=\"600\" height=\"600\" src=\"https:\/\/tufincasi.com\/wp-content\/uploads\/2017\/05\/Caser-1.jpg\" class=\"attachment-large size-large wp-image-2819\" alt=\"\" srcset=\"https:\/\/tufincasi.com\/wp-content\/uploads\/2017\/05\/Caser-1.jpg 600w, https:\/\/tufincasi.com\/wp-content\/uploads\/2017\/05\/Caser-1-150x150.jpg 150w, https:\/\/tufincasi.com\/wp-content\/uploads\/2017\/05\/Caser-1-300x300.jpg 300w\" sizes=\"(max-width: 600px) 100vw, 600px\" \/>\t\t\t\t\t\t\t\t\t\t\t\t\t\t\t<\/div>\n\t\t\t\t<\/div>\n\t\t\t\t\t<\/div>\n\t\t<\/div>\n\t\t\t\t\t<\/div>\n\t\t<\/section>\n\t\t\t\t<\/div>","protected":false},"excerpt":{"rendered":"<p>\u00bfTIENES QUE IR AL DENTISTA Y LA CRISIS NO TE LO PERMITE? &#8230; AHORA NUESTRA COMPA\u00d1\u00cdA DE SEGUROS TE LO PONE FACIL, POR TAN SOLO 59,97 \u20ac\/A\u00d1O, T\u00da Y TUS HIJOS MENORES DE 10 A\u00d1OS TENDREIS LOS SIGUIENTES SERVICIOS GRATIS: &#8211; Urgencias &#8211; Extracci\u00f3n Simple piezas dentales &#8211; Revisiones Peri\u00f3dicas &#8211; Mantenimiento y reparaci\u00f3n de [&hellip;]<\/p>","protected":false},"author":1,"featured_media":2620,"parent":0,"menu_order":0,"comment_status":"closed","ping_status":"closed","template":"","meta":{"footnotes":""},"class_list":["post-2280","page","type-page","status-publish","has-post-thumbnail","hentry"],"yoast_head":"<!-- This site is optimized with the Yoast SEO plugin v26.5 - https:\/\/yoast.com\/wordpress\/plugins\/seo\/ -->\n<title>Seguros | Tu Finca servicios inmobiliarios<\/title>\n<meta name=\"description\" content=\"En TU FINCA Seguros somos conscientes de los riesgos a los que usted como trabajador aut\u00f3nomo est\u00e1 expuesto\" \/>\n<meta name=\"robots\" content=\"index, follow, max-snippet:-1, max-image-preview:large, max-video-preview:-1\" \/>\n<link rel=\"canonical\" href=\"https:\/\/tufincasi.com\/en\/seguros\/\" \/>\n<meta property=\"og:locale\" content=\"en_US\" \/>\n<meta property=\"og:type\" content=\"article\" \/>\n<meta property=\"og:title\" content=\"Seguros | Tu Finca servicios inmobiliarios\" \/>\n<meta property=\"og:description\" content=\"En TU FINCA Seguros somos conscientes de los riesgos a los que usted como trabajador aut\u00f3nomo est\u00e1 expuesto\" \/>\n<meta property=\"og:url\" content=\"https:\/\/tufincasi.com\/en\/seguros\/\" \/>\n<meta property=\"og:site_name\" content=\"Tu Finca servicios inmobiliarios\" \/>\n<meta property=\"article:modified_time\" content=\"2024-06-04T23:36:27+00:00\" \/>\n<meta property=\"og:image\" content=\"https:\/\/tufincasi.com\/wp-content\/uploads\/2017\/05\/AXA-Seguros.jpg\" \/>\n\t<meta property=\"og:image:width\" content=\"1600\" \/>\n\t<meta property=\"og:image:height\" content=\"1593\" \/>\n\t<meta property=\"og:image:type\" content=\"image\/jpeg\" \/>\n<meta name=\"twitter:card\" content=\"summary_large_image\" \/>\n<meta name=\"twitter:title\" content=\"Seguros | Tu Finca servicios inmobiliarios\" \/>\n<meta name=\"twitter:description\" content=\"En TU FINCA Seguros somos conscientes de los riesgos a los que usted como trabajador aut\u00f3nomo est\u00e1 expuesto\" \/>\n<meta name=\"twitter:image\" content=\"https:\/\/tufincasi.com\/wp-content\/uploads\/2017\/05\/AXA-Seguros.jpg\" \/>\n<meta name=\"twitter:label1\" content=\"Est. reading time\" \/>\n\t<meta name=\"twitter:data1\" content=\"3 minutes\" \/>\n<script type=\"application\/ld+json\" class=\"yoast-schema-graph\">{\"@context\":\"https:\/\/schema.org\",\"@graph\":[{\"@type\":\"WebPage\",\"@id\":\"https:\/\/tufincasi.com\/seguros\/\",\"url\":\"https:\/\/tufincasi.com\/seguros\/\",\"name\":\"Seguros | Tu Finca servicios inmobiliarios\",\"isPartOf\":{\"@id\":\"https:\/\/tufincasi.com\/#website\"},\"primaryImageOfPage\":{\"@id\":\"https:\/\/tufincasi.com\/seguros\/#primaryimage\"},\"image\":{\"@id\":\"https:\/\/tufincasi.com\/seguros\/#primaryimage\"},\"thumbnailUrl\":\"https:\/\/tufincasi.com\/wp-content\/uploads\/2017\/05\/AXA-Seguros.jpg\",\"datePublished\":\"2017-03-16T10:19:13+00:00\",\"dateModified\":\"2024-06-04T23:36:27+00:00\",\"description\":\"En TU FINCA Seguros somos conscientes de los riesgos a los que usted como trabajador aut\u00f3nomo est\u00e1 expuesto\",\"breadcrumb\":{\"@id\":\"https:\/\/tufincasi.com\/seguros\/#breadcrumb\"},\"inLanguage\":\"en-US\",\"potentialAction\":[{\"@type\":\"ReadAction\",\"target\":[\"https:\/\/tufincasi.com\/seguros\/\"]}]},{\"@type\":\"ImageObject\",\"inLanguage\":\"en-US\",\"@id\":\"https:\/\/tufincasi.com\/seguros\/#primaryimage\",\"url\":\"https:\/\/tufincasi.com\/wp-content\/uploads\/2017\/05\/AXA-Seguros.jpg\",\"contentUrl\":\"https:\/\/tufincasi.com\/wp-content\/uploads\/2017\/05\/AXA-Seguros.jpg\",\"width\":1600,\"height\":1593},{\"@type\":\"BreadcrumbList\",\"@id\":\"https:\/\/tufincasi.com\/seguros\/#breadcrumb\",\"itemListElement\":[{\"@type\":\"ListItem\",\"position\":1,\"name\":\"Portada\",\"item\":\"https:\/\/tufincasi.com\/\"},{\"@type\":\"ListItem\",\"position\":2,\"name\":\"Seguros\"}]},{\"@type\":\"WebSite\",\"@id\":\"https:\/\/tufincasi.com\/#website\",\"url\":\"https:\/\/tufincasi.com\/\",\"name\":\"Tu Finca servicios inmobiliarios\",\"description\":\"Compra venta y alquiler de inmuebles, seguros y administraci\u00f3n de fincas\",\"potentialAction\":[{\"@type\":\"SearchAction\",\"target\":{\"@type\":\"EntryPoint\",\"urlTemplate\":\"https:\/\/tufincasi.com\/?s={search_term_string}\"},\"query-input\":{\"@type\":\"PropertyValueSpecification\",\"valueRequired\":true,\"valueName\":\"search_term_string\"}}],\"inLanguage\":\"en-US\"}]}<\/script>\n<!-- \/ Yoast SEO plugin. -->","yoast_head_json":{"title":"Seguros | Tu Finca servicios inmobiliarios","description":"En TU FINCA Seguros somos conscientes de los riesgos a los que usted como trabajador aut\u00f3nomo est\u00e1 expuesto","robots":{"index":"index","follow":"follow","max-snippet":"max-snippet:-1","max-image-preview":"max-image-preview:large","max-video-preview":"max-video-preview:-1"},"canonical":"https:\/\/tufincasi.com\/en\/seguros\/","og_locale":"en_US","og_type":"article","og_title":"Seguros | Tu Finca servicios inmobiliarios","og_description":"En TU FINCA Seguros somos conscientes de los riesgos a los que usted como trabajador aut\u00f3nomo est\u00e1 expuesto","og_url":"https:\/\/tufincasi.com\/en\/seguros\/","og_site_name":"Tu Finca servicios inmobiliarios","article_modified_time":"2024-06-04T23:36:27+00:00","og_image":[{"width":1600,"height":1593,"url":"https:\/\/tufincasi.com\/wp-content\/uploads\/2017\/05\/AXA-Seguros.jpg","type":"image\/jpeg"}],"twitter_card":"summary_large_image","twitter_title":"Seguros | Tu Finca servicios inmobiliarios","twitter_description":"En TU FINCA Seguros somos conscientes de los riesgos a los que usted como trabajador aut\u00f3nomo est\u00e1 expuesto","twitter_image":"https:\/\/tufincasi.com\/wp-content\/uploads\/2017\/05\/AXA-Seguros.jpg","twitter_misc":{"Est. reading time":"3 minutes"},"schema":{"@context":"https:\/\/schema.org","@graph":[{"@type":"WebPage","@id":"https:\/\/tufincasi.com\/seguros\/","url":"https:\/\/tufincasi.com\/seguros\/","name":"Seguros | Tu Finca servicios inmobiliarios","isPartOf":{"@id":"https:\/\/tufincasi.com\/#website"},"primaryImageOfPage":{"@id":"https:\/\/tufincasi.com\/seguros\/#primaryimage"},"image":{"@id":"https:\/\/tufincasi.com\/seguros\/#primaryimage"},"thumbnailUrl":"https:\/\/tufincasi.com\/wp-content\/uploads\/2017\/05\/AXA-Seguros.jpg","datePublished":"2017-03-16T10:19:13+00:00","dateModified":"2024-06-04T23:36:27+00:00","description":"En TU FINCA Seguros somos conscientes de los riesgos a los que usted como trabajador aut\u00f3nomo est\u00e1 expuesto","breadcrumb":{"@id":"https:\/\/tufincasi.com\/seguros\/#breadcrumb"},"inLanguage":"en-US","potentialAction":[{"@type":"ReadAction","target":["https:\/\/tufincasi.com\/seguros\/"]}]},{"@type":"ImageObject","inLanguage":"en-US","@id":"https:\/\/tufincasi.com\/seguros\/#primaryimage","url":"https:\/\/tufincasi.com\/wp-content\/uploads\/2017\/05\/AXA-Seguros.jpg","contentUrl":"https:\/\/tufincasi.com\/wp-content\/uploads\/2017\/05\/AXA-Seguros.jpg","width":1600,"height":1593},{"@type":"BreadcrumbList","@id":"https:\/\/tufincasi.com\/seguros\/#breadcrumb","itemListElement":[{"@type":"ListItem","position":1,"name":"Portada","item":"https:\/\/tufincasi.com\/"},{"@type":"ListItem","position":2,"name":"Seguros"}]},{"@type":"WebSite","@id":"https:\/\/tufincasi.com\/#website","url":"https:\/\/tufincasi.com\/","name":"Tu Finca servicios inmobiliarios","description":"Compra venta y alquiler de inmuebles, seguros y administraci\u00f3n de fincas","potentialAction":[{"@type":"SearchAction","target":{"@type":"EntryPoint","urlTemplate":"https:\/\/tufincasi.com\/?s={search_term_string}"},"query-input":{"@type":"PropertyValueSpecification","valueRequired":true,"valueName":"search_term_string"}}],"inLanguage":"en-US"}]}},"_links":{"self":[{"href":"https:\/\/tufincasi.com\/en\/wp-json\/wp\/v2\/pages\/2280","targetHints":{"allow":["GET"]}}],"collection":[{"href":"https:\/\/tufincasi.com\/en\/wp-json\/wp\/v2\/pages"}],"about":[{"href":"https:\/\/tufincasi.com\/en\/wp-json\/wp\/v2\/types\/page"}],"author":[{"embeddable":true,"href":"https:\/\/tufincasi.com\/en\/wp-json\/wp\/v2\/users\/1"}],"replies":[{"embeddable":true,"href":"https:\/\/tufincasi.com\/en\/wp-json\/wp\/v2\/comments?post=2280"}],"version-history":[{"count":22,"href":"https:\/\/tufincasi.com\/en\/wp-json\/wp\/v2\/pages\/2280\/revisions"}],"predecessor-version":[{"id":8747,"href":"https:\/\/tufincasi.com\/en\/wp-json\/wp\/v2\/pages\/2280\/revisions\/8747"}],"wp:featuredmedia":[{"embeddable":true,"href":"https:\/\/tufincasi.com\/en\/wp-json\/wp\/v2\/media\/2620"}],"wp:attachment":[{"href":"https:\/\/tufincasi.com\/en\/wp-json\/wp\/v2\/media?parent=2280"}],"curies":[{"name":"wp","href":"https:\/\/api.w.org\/{rel}","templated":true}]}}