{"id":2376,"date":"2017-04-11T07:29:26","date_gmt":"2017-04-11T06:29:26","guid":{"rendered":"https:\/\/tufincasi.com\/?page_id=2376"},"modified":"2024-06-05T00:39:17","modified_gmt":"2024-06-04T23:39:17","slug":"servicios-a-f","status":"publish","type":"page","link":"https:\/\/tufincasi.com\/en\/servicios-a-f\/","title":{"rendered":"Servicios A.F."},"content":{"rendered":"<h2>Descripci\u00f3n de nuestros <strong>servicios<\/strong><\/h2>\n<h3>Nueva Constituci\u00f3n.<\/h3>\n<p>&#8211; Preparaci\u00f3n y asistencia a la Junta de Constituci\u00f3n y ejecuci\u00f3n de los acuerdos tomados<\/p>\n<p>&#8211; Obtenci\u00f3n del N.I.F de la Comunidad<\/p>\n<p>&#8211; Alta de suministros comunitarios de agua, luz, gas y otros<\/p>\n<p>&#8211; Diligenciar libro de actas<\/p>\n<p>&#8211; Asesoramiento en la selecci\u00f3n y contrataci\u00f3n de proveedores de la comunidad<\/p>\n<p>&#8211; Coordinaci\u00f3n y comunicaci\u00f3n a la constructora o promotora de los desperfectos o vicios ocultos de la construcci\u00f3n y seguimiento de los mismos<\/p>\n<p>&#8211; Asesoramiento si es necesario en la contrataci\u00f3n de abogados y peritos expertos en demandas por defectos constructivos para reclamaciones judiciales<\/p>\n<h3>Gesti\u00f3n Administrativa y de Servicios<\/h3>\n<p>&#8211; Registro contable de todas las operaciones econ\u00f3micas acontecidas<\/p>\n<p>&#8211; Elaboraci\u00f3n de informes de ingresos y gastos<\/p>\n<p>&#8211; Elaboraci\u00f3n del plan presupuestario del ejercicio<\/p>\n<p>&#8211; Registro y gesti\u00f3n de todo tipo de incidencias y siniestros ante compa\u00f1\u00edas de seguros<\/p>\n<p>&#8211; Gesti\u00f3n de los diferentes contratos de servicios<\/p>\n<p>&#8211; Seguimiento de la tesorer\u00eda de la comunidad informando a la junta de cualquier tipo de eventualidad<\/p>\n<p>&#8211; Confecci\u00f3n y liquidaci\u00f3n de n\u00f3minas y seguros sociales de los empleados de la finca y contrataci\u00f3n de los mismos<\/p>\n<p>&#8211; Asistencia peri\u00f3dica a la comunidad con el fin de hacer un seguimiento de los distintos servicios de la comunidad y el estado de la misma<\/p>\n<p>&#8211; Emisi\u00f3n bancaria de recibos de cuotas de comunidad<\/p>\n<p>&#8211; Elaboraci\u00f3n de convocatorias para juntas, preparaci\u00f3n y asistencia a las mismas<\/p>\n<p>&#8211; Elaboraci\u00f3n de actas de juntas<\/p>\n<p>&#8211; Asesoramiento en la contrataci\u00f3n de profesionales del derecho para la reclamaci\u00f3n de morosos, a trav\u00e9s un de proceso monitorio, conforme a lo dispuesto en el art. 21 de la vigente Ley de Propiedad Horizontal<\/p>\n<h3>Gesti\u00f3n T\u00e9cnica obras<\/h3>\n<p>&#8211; Gesti\u00f3n de subvenciones<\/p>\n<p>&#8211; Solicitud de los presuestos necesarios y elaboraci\u00f3n de repartos seg\u00fan coeficientes<\/p>\n<p>&#8211; Preparaci\u00f3n y asistencia a juntas espec\u00edficas de obra, seguimiento de la misma<\/p>\n<p>&#8211; Asesoramiento en la selecci\u00f3n de t\u00e9cnicos y constructores<\/p>\n<h3>Asesoramiento a los propietarios<\/h3>\n<p>&#8211; Trabajos relacionados con el asesoramiento a los \u00f3rganos de gobierno (presidente, viceprecidente, vocales, etc.) y al resto de los vecinos en todo lo relacionado con el funcionamiento de la comunidad.<\/p>\n<p>&#8211; Los estatutos, el reglamento de r\u00e9gimen interno de la comunidad, etc.<\/p>\n<p>&#8211; La ley de propiedad horizontal y sus normas complementarias, ley de prevenci\u00f3n de riesgos laborales, etc.<\/p>\n<p><img fetchpriority=\"high\" decoding=\"async\" class=\"aligncenter wp-image-3223 size-full\" src=\"https:\/\/tufincasi.com\/wp-content\/uploads\/2017\/04\/Foto.jpg\" alt=\"\" width=\"1200\" height=\"444\" srcset=\"https:\/\/tufincasi.com\/wp-content\/uploads\/2017\/04\/Foto.jpg 1200w, https:\/\/tufincasi.com\/wp-content\/uploads\/2017\/04\/Foto-300x111.jpg 300w, https:\/\/tufincasi.com\/wp-content\/uploads\/2017\/04\/Foto-768x284.jpg 768w, https:\/\/tufincasi.com\/wp-content\/uploads\/2017\/04\/Foto-1024x379.jpg 1024w\" sizes=\"(max-width: 1200px) 100vw, 1200px\" \/><\/p>","protected":false},"excerpt":{"rendered":"<p>Descripci\u00f3n de nuestros servicios Nueva Constituci\u00f3n. &#8211; Preparaci\u00f3n y asistencia a la Junta de Constituci\u00f3n y ejecuci\u00f3n de los acuerdos tomados &#8211; Obtenci\u00f3n del N.I.F de la Comunidad &#8211; Alta de suministros comunitarios de agua, luz, gas y otros &#8211; Diligenciar libro de actas &#8211; Asesoramiento en la selecci\u00f3n y contrataci\u00f3n de proveedores de la [&hellip;]<\/p>","protected":false},"author":1,"featured_media":6430,"parent":0,"menu_order":0,"comment_status":"closed","ping_status":"closed","template":"","meta":{"footnotes":""},"class_list":["post-2376","page","type-page","status-publish","has-post-thumbnail","hentry"],"yoast_head":"<!-- This site is optimized with the Yoast SEO plugin v26.5 - https:\/\/yoast.com\/wordpress\/plugins\/seo\/ -->\n<title>Servicios A.F. | Tu Finca servicios inmobiliarios<\/title>\n<meta name=\"description\" content=\"Tu Finca servicios inmobiliarios: web corporativa de una empresa de servicios inmobiliarios ubicada en Miajadas\" \/>\n<meta name=\"robots\" content=\"index, follow, max-snippet:-1, max-image-preview:large, max-video-preview:-1\" \/>\n<link rel=\"canonical\" href=\"https:\/\/tufincasi.com\/en\/servicios-a-f\/\" \/>\n<meta property=\"og:locale\" content=\"en_US\" \/>\n<meta property=\"og:type\" content=\"article\" \/>\n<meta property=\"og:title\" content=\"Servicios A.F. | Tu Finca servicios inmobiliarios\" \/>\n<meta property=\"og:description\" content=\"Tu Finca servicios inmobiliarios: web corporativa de una empresa de servicios inmobiliarios ubicada en Miajadas\" \/>\n<meta property=\"og:url\" content=\"https:\/\/tufincasi.com\/en\/servicios-a-f\/\" \/>\n<meta property=\"og:site_name\" content=\"Tu Finca servicios inmobiliarios\" \/>\n<meta property=\"article:modified_time\" content=\"2024-06-04T23:39:17+00:00\" \/>\n<meta property=\"og:image\" content=\"https:\/\/tufincasi.com\/wp-content\/uploads\/2021\/09\/logo-final.jpg\" \/>\n\t<meta property=\"og:image:width\" content=\"1395\" \/>\n\t<meta property=\"og:image:height\" content=\"1172\" \/>\n\t<meta property=\"og:image:type\" content=\"image\/jpeg\" \/>\n<meta name=\"twitter:card\" content=\"summary_large_image\" \/>\n<meta name=\"twitter:title\" content=\"Servicios A.F. | Tu Finca servicios inmobiliarios\" \/>\n<meta name=\"twitter:description\" content=\"Tu Finca servicios inmobiliarios: web corporativa de una empresa de servicios inmobiliarios ubicada en Miajadas\" \/>\n<meta name=\"twitter:image\" content=\"https:\/\/tufincasi.com\/wp-content\/uploads\/2021\/09\/logo-final.jpg\" \/>\n<meta name=\"twitter:label1\" content=\"Est. reading time\" \/>\n\t<meta name=\"twitter:data1\" content=\"3 minutes\" \/>\n<script type=\"application\/ld+json\" class=\"yoast-schema-graph\">{\"@context\":\"https:\/\/schema.org\",\"@graph\":[{\"@type\":\"WebPage\",\"@id\":\"https:\/\/tufincasi.com\/servicios-a-f\/\",\"url\":\"https:\/\/tufincasi.com\/servicios-a-f\/\",\"name\":\"Servicios A.F. | Tu Finca servicios inmobiliarios\",\"isPartOf\":{\"@id\":\"https:\/\/tufincasi.com\/#website\"},\"primaryImageOfPage\":{\"@id\":\"https:\/\/tufincasi.com\/servicios-a-f\/#primaryimage\"},\"image\":{\"@id\":\"https:\/\/tufincasi.com\/servicios-a-f\/#primaryimage\"},\"thumbnailUrl\":\"https:\/\/tufincasi.com\/wp-content\/uploads\/2021\/09\/logo-final.jpg\",\"datePublished\":\"2017-04-11T06:29:26+00:00\",\"dateModified\":\"2024-06-04T23:39:17+00:00\",\"description\":\"Tu Finca servicios inmobiliarios: web corporativa de una empresa de servicios inmobiliarios ubicada en Miajadas\",\"breadcrumb\":{\"@id\":\"https:\/\/tufincasi.com\/servicios-a-f\/#breadcrumb\"},\"inLanguage\":\"en-US\",\"potentialAction\":[{\"@type\":\"ReadAction\",\"target\":[\"https:\/\/tufincasi.com\/servicios-a-f\/\"]}]},{\"@type\":\"ImageObject\",\"inLanguage\":\"en-US\",\"@id\":\"https:\/\/tufincasi.com\/servicios-a-f\/#primaryimage\",\"url\":\"https:\/\/tufincasi.com\/wp-content\/uploads\/2021\/09\/logo-final.jpg\",\"contentUrl\":\"https:\/\/tufincasi.com\/wp-content\/uploads\/2021\/09\/logo-final.jpg\",\"width\":1395,\"height\":1172,\"caption\":\"Logo | Tu Finca\"},{\"@type\":\"BreadcrumbList\",\"@id\":\"https:\/\/tufincasi.com\/servicios-a-f\/#breadcrumb\",\"itemListElement\":[{\"@type\":\"ListItem\",\"position\":1,\"name\":\"Portada\",\"item\":\"https:\/\/tufincasi.com\/\"},{\"@type\":\"ListItem\",\"position\":2,\"name\":\"Servicios A.F.\"}]},{\"@type\":\"WebSite\",\"@id\":\"https:\/\/tufincasi.com\/#website\",\"url\":\"https:\/\/tufincasi.com\/\",\"name\":\"Tu Finca servicios inmobiliarios\",\"description\":\"Compra venta y alquiler de inmuebles, seguros y administraci\u00f3n de fincas\",\"potentialAction\":[{\"@type\":\"SearchAction\",\"target\":{\"@type\":\"EntryPoint\",\"urlTemplate\":\"https:\/\/tufincasi.com\/?s={search_term_string}\"},\"query-input\":{\"@type\":\"PropertyValueSpecification\",\"valueRequired\":true,\"valueName\":\"search_term_string\"}}],\"inLanguage\":\"en-US\"}]}<\/script>\n<!-- \/ Yoast SEO plugin. -->","yoast_head_json":{"title":"Servicios A.F. | Tu Finca servicios inmobiliarios","description":"Tu Finca servicios inmobiliarios: web corporativa de una empresa de servicios inmobiliarios ubicada en Miajadas","robots":{"index":"index","follow":"follow","max-snippet":"max-snippet:-1","max-image-preview":"max-image-preview:large","max-video-preview":"max-video-preview:-1"},"canonical":"https:\/\/tufincasi.com\/en\/servicios-a-f\/","og_locale":"en_US","og_type":"article","og_title":"Servicios A.F. | Tu Finca servicios inmobiliarios","og_description":"Tu Finca servicios inmobiliarios: web corporativa de una empresa de servicios inmobiliarios ubicada en Miajadas","og_url":"https:\/\/tufincasi.com\/en\/servicios-a-f\/","og_site_name":"Tu Finca servicios inmobiliarios","article_modified_time":"2024-06-04T23:39:17+00:00","og_image":[{"width":1395,"height":1172,"url":"https:\/\/tufincasi.com\/wp-content\/uploads\/2021\/09\/logo-final.jpg","type":"image\/jpeg"}],"twitter_card":"summary_large_image","twitter_title":"Servicios A.F. | Tu Finca servicios inmobiliarios","twitter_description":"Tu Finca servicios inmobiliarios: web corporativa de una empresa de servicios inmobiliarios ubicada en Miajadas","twitter_image":"https:\/\/tufincasi.com\/wp-content\/uploads\/2021\/09\/logo-final.jpg","twitter_misc":{"Est. reading time":"3 minutes"},"schema":{"@context":"https:\/\/schema.org","@graph":[{"@type":"WebPage","@id":"https:\/\/tufincasi.com\/servicios-a-f\/","url":"https:\/\/tufincasi.com\/servicios-a-f\/","name":"Servicios A.F. | Tu Finca servicios inmobiliarios","isPartOf":{"@id":"https:\/\/tufincasi.com\/#website"},"primaryImageOfPage":{"@id":"https:\/\/tufincasi.com\/servicios-a-f\/#primaryimage"},"image":{"@id":"https:\/\/tufincasi.com\/servicios-a-f\/#primaryimage"},"thumbnailUrl":"https:\/\/tufincasi.com\/wp-content\/uploads\/2021\/09\/logo-final.jpg","datePublished":"2017-04-11T06:29:26+00:00","dateModified":"2024-06-04T23:39:17+00:00","description":"Tu Finca servicios inmobiliarios: web corporativa de una empresa de servicios inmobiliarios ubicada en Miajadas","breadcrumb":{"@id":"https:\/\/tufincasi.com\/servicios-a-f\/#breadcrumb"},"inLanguage":"en-US","potentialAction":[{"@type":"ReadAction","target":["https:\/\/tufincasi.com\/servicios-a-f\/"]}]},{"@type":"ImageObject","inLanguage":"en-US","@id":"https:\/\/tufincasi.com\/servicios-a-f\/#primaryimage","url":"https:\/\/tufincasi.com\/wp-content\/uploads\/2021\/09\/logo-final.jpg","contentUrl":"https:\/\/tufincasi.com\/wp-content\/uploads\/2021\/09\/logo-final.jpg","width":1395,"height":1172,"caption":"Logo | Tu Finca"},{"@type":"BreadcrumbList","@id":"https:\/\/tufincasi.com\/servicios-a-f\/#breadcrumb","itemListElement":[{"@type":"ListItem","position":1,"name":"Portada","item":"https:\/\/tufincasi.com\/"},{"@type":"ListItem","position":2,"name":"Servicios A.F."}]},{"@type":"WebSite","@id":"https:\/\/tufincasi.com\/#website","url":"https:\/\/tufincasi.com\/","name":"Tu Finca servicios inmobiliarios","description":"Compra venta y alquiler de inmuebles, seguros y administraci\u00f3n de fincas","potentialAction":[{"@type":"SearchAction","target":{"@type":"EntryPoint","urlTemplate":"https:\/\/tufincasi.com\/?s={search_term_string}"},"query-input":{"@type":"PropertyValueSpecification","valueRequired":true,"valueName":"search_term_string"}}],"inLanguage":"en-US"}]}},"_links":{"self":[{"href":"https:\/\/tufincasi.com\/en\/wp-json\/wp\/v2\/pages\/2376","targetHints":{"allow":["GET"]}}],"collection":[{"href":"https:\/\/tufincasi.com\/en\/wp-json\/wp\/v2\/pages"}],"about":[{"href":"https:\/\/tufincasi.com\/en\/wp-json\/wp\/v2\/types\/page"}],"author":[{"embeddable":true,"href":"https:\/\/tufincasi.com\/en\/wp-json\/wp\/v2\/users\/1"}],"replies":[{"embeddable":true,"href":"https:\/\/tufincasi.com\/en\/wp-json\/wp\/v2\/comments?post=2376"}],"version-history":[{"count":6,"href":"https:\/\/tufincasi.com\/en\/wp-json\/wp\/v2\/pages\/2376\/revisions"}],"predecessor-version":[{"id":8470,"href":"https:\/\/tufincasi.com\/en\/wp-json\/wp\/v2\/pages\/2376\/revisions\/8470"}],"wp:featuredmedia":[{"embeddable":true,"href":"https:\/\/tufincasi.com\/en\/wp-json\/wp\/v2\/media\/6430"}],"wp:attachment":[{"href":"https:\/\/tufincasi.com\/en\/wp-json\/wp\/v2\/media?parent=2376"}],"curies":[{"name":"wp","href":"https:\/\/api.w.org\/{rel}","templated":true}]}}