{"id":2813,"date":"2017-05-04T19:02:05","date_gmt":"2017-05-04T18:02:05","guid":{"rendered":"https:\/\/tufincasi.com\/?page_id=2813"},"modified":"2024-06-05T00:13:55","modified_gmt":"2024-06-04T23:13:55","slug":"aviso-legal","status":"publish","type":"page","link":"https:\/\/tufincasi.com\/en\/aviso-legal\/","title":{"rendered":"Aviso legal"},"content":{"rendered":"<h3>0. OBJETO Y ACEPTACI\u00d3N<\/h3>\n<p>El presente aviso legal regula el uso del sitio web <strong>tufincasi.com\u00a0<\/strong>(en adelante, LA WEB), del que es titular JUAN FRANCISCO PIZARRO MA\u00d1OSO (en adelante, EL PROPIETARIO DE LA WEB).<\/p>\n<p>La navegaci\u00f3n por el sitio web de EL PROPIETARIO DE LA WEB atribuye la condici\u00f3n de usuario del mismo e implica la aceptaci\u00f3n plena y sin reservas de todas y cada una de las disposiciones incluidas en este Aviso Legal, que pueden sufrir modificaciones.<\/p>\n<p>El usuario se obliga a hacer un uso correcto del sitio web de conformidad con las leyes, la buena fe, el orden p\u00fablico, lo s usos del tr\u00e1fico y el presente Aviso Legal. El usuario responder\u00e1 frente a EL PROPIETARIO DE LA WEB o frente a terceros, de cualesquiera da\u00f1os y perjuicios que pudieran causarse como consecuencia del incumplimiento de dicha obligaci\u00f3n.<\/p>\n<h3>1. IDENTIFICACI\u00d3N Y COMUNICACIONES<\/h3>\n<p>EL PROPIETARIO DE LA WEB, en cumplimiento de la Ley 34\/2002, de 11 de julio, de servicios de la sociedad de la informaci\u00f3n y de comercio electr\u00f3nico, le informa de que: Su denominaci\u00f3n social es: <strong>EEEEE<\/strong>. Su CIF es: <strong>CCCCC<\/strong> Su domicilio social est\u00e1 en: <strong>Miajadas<\/strong>.<\/p>\n<p>Para comunicarse con nosotros, ponemos a su disposici\u00f3n diferent es medios de contacto que detallamos a continuaci\u00f3n: Tel\u00e9fono: 927 16 16 20 Email: <strong>info@tufincasi.com<\/strong>. Todas las notificaciones y comunicaciones entre los usuarios y EL PROPIETARIO DE LA WEB se considerar\u00e1n eficaces, a todos lo s efectos, cuando se realicen a trav\u00e9s de correo postal o cualquier otro medio de los detallados anteriormente.<\/p>\n<p>&nbsp;<\/p>\n<h3>2. CONDICIONES DE ACCESO Y UTILIZACI\u00d3N<\/h3>\n<p>El sitio web y sus servicios son de acceso libre y gratuito, no obstante, EL PROPIETARIO DE LA WEB condiciona la utilizaci\u00f3n de algunos de los servicios ofrecidos en su web a la previa cumplimentaci\u00f3n del correspondiente formulario. El usuario garantiza la autenticidad y actualidad de todos aquellos datos que comunique a EL PROPIETARIO DE LA WEB y ser\u00e1 el \u00fanico responsable de las manifestaciones falsas o inexactas que realice. El usuario se compromete expresamente a hacer un uso adecuado de los contenidos y servicios de EL PROPIETARIO DE LA WEB y a no emplearlos para, entre otros:<\/p>\n<p>a) Difundir contenidos, delictivos, violen tos, pornogr\u00e1ficos, racistas, xen\u00f3fobo, ofensivos, de apolog\u00eda del terrorismo o, en general, contrarios a la ley o al orden p\u00fablico.<\/p>\n<p>b) Introducir en la red virus inform\u00e1ticos o realizar actuaciones susceptibles de alterar, estropear, interrumpir o generar errores o da\u00f1os en los documentos electr\u00f3nicos, datos o sistemas f\u00edsicos y l\u00f3gicos de EL PROPIETARIO DE LA WEB o de terceras personas; as\u00ed como obstaculizar el acceso de otros usuarios al sitio web y a sus servicios mediante el consumo masivo de los recursos inform\u00e1ticos a trav\u00e9s de los cuales EL PROPIETARIO DE LA WEB presta sus servicios.<\/p>\n<p>c) Intentar acceder a las cuentas de correo electr\u00f3nico de otros usuarios o a \u00e1reas restringidas de los sistemas inform\u00e1ticos de EL PROPIETARIO DE LA WEB o de terceros y, en su caso, extraer informaci\u00f3n.<\/p>\n<p>d) Vulnerar los derechos de propiedad intelectual o industrial, as\u00ed como violar la confidencialidad de la informaci\u00f3n de EL PROPIETARIO DE LA WEB o de terceros.<\/p>\n<p>e) Suplantar la identidad de otro usuario, de las administracion es p\u00fablicas o de un tercero.<\/p>\n<p>f) Reproducir, copiar, distribuir, poner a disposici\u00f3n o de cualquier otra forma comunicar p\u00fablicamente, transformar o modificar los contenidos, a menos que se cuente con la autorizaci\u00f3n del titular de los correspondientes derechos o ello resulte legalmente permitido.<\/p>\n<p>g) Recabar datos con finalidad publicitaria y de remitir publicidad de cualquier clase y comunicaciones con fines de venta u otras de naturaleza comercial sin que medie su previa solicitud o consentimiento.<\/p>\n<p>Todos los contenidos del sitio web, como textos, fotograf\u00edas, gr\u00e1ficos, im\u00e1genes, iconos, tecnolog\u00eda, software, as\u00ed como su dise\u00f1o gr\u00e1fico y c\u00f3digos fuente, constituyen una obra cuya propiedad pertenece a EL PROPIETARIO DE LA WEB, sin que puedan entenderse cedidos al usuario ninguno de los derechos de explotaci\u00f3n sobre los mismos m\u00e1s all\u00e1 de lo estrictamente necesario para el correcto uso de la web.<\/p>\n<p>En definitiva, los usuarios que accedan a este sitio web pueden visualizar los contenidos y efectuar, en su caso, copias privadas autorizadas siempre que los elementos reproducidos no sean cedidos posteriormente a terceros, ni se instalen a servidores conectados a redes, ni sean objeto de ning\u00fan tipo de explotaci\u00f3n.<\/p>\n<p>Asimismo, todas las marcas, nombres comerciales o signos distintivos de cualquier clase que aparecen en el sitio web son propiedad de EL PROPIETARIO DE LA WEB, sin que pueda entenderse que el uso o acceso al mismo atribuya al usuario derecho alguno sobre los mismos.<\/p>\n<p>La distribuci\u00f3n, modificaci\u00f3n, cesi\u00f3n o comunicaci\u00f3n p\u00fablica de los contenidos y cualquier otro acto que no haya sido expresamente autorizado por el titular de los derechos de explotaci\u00f3n quedan prohibidos.<\/p>\n<p>El establecimiento de un hiperenlace no implica en ning\u00fan caso la existencia de relaciones entre EL PROPIETARIO DE LA WEB y el propietario del sitio web en la que se establezca, ni la aceptaci\u00f3n y apr obaci\u00f3n por parte de EL PROPIETARIO DE LA WEB de sus contenidos o servicios. Aquellas personas que se propongan establecer un hiperenlace previamente deber\u00e1n solic itar autorizaci\u00f3n por escrito a EL PROPIETARIO DE LA WEB. En todo caso, el hiperenlace \u00fanicamente permitir\u00e1 el acceso a la home-page o p\u00e1gina de inicio de nuestro sitio web, asimismo deber\u00e1 abstenerse de realizar manifestaciones o indicaciones falsas, inexactas o incorrectas sobre EL PROPIETARIO DE LA WEB, o incluir contenidos il\u00edcitos, contrarios a las buenas costumbres y al orden p\u00fablico.<\/p>\n<p>EL PROPIETARIO DE LA WEB no se responsabiliza del uso que cada usuario le d\u00e9 a los materiales puestos a disposici\u00f3n en este sitio web ni de las actuaciones que realice en base a los mismos.<\/p>\n<p>&nbsp;<\/p>\n<h3>3. EXCLUSI\u00d3N DE GARANT\u00cdAS Y DE RESPONSABILIDAD<\/h3>\n<p>El contenido del presente sitio web es de car\u00e1cter general y tiene una finalidad meramente informativa, sin que se garantice plenamente el acceso a todos los contenidos, ni su exhaustividad, correcci\u00f3n, vigencia o actualidad, ni su idoneidad o utilidad para un objetivo espec\u00edfico.<\/p>\n<p>EL PROPIETARIO DE LA WEB excluye, hasta donde permite el ordenamiento jur\u00eddico, cualquier responsabilidad por los da\u00f1os y perjuicios de toda naturaleza derivados de:<\/p>\n<p>a) La imposibilidad de acceso al sitio web o la falta de veracidad, exactitud, exhaustividad y\/o actualidad de los contenidos, as\u00ed como la existencia de vicios y defectos de toda clase de los contenidos transmitidos, difundidos, almacenados, puestos a disposici\u00f3n a los que se haya accedido a trav\u00e9s del sitio web o de los servicios que se ofrecen.<\/p>\n<p>b) La presencia de virus o de otros elem entos en los contenidos que puedan producir alteraciones en los sistemas inform\u00e1ticos, documentos electr\u00f3nicos o datos de los usuarios.<\/p>\n<p>c) El incumplimiento de las leyes, la buena fe, el orden p\u00fablico, los usos del tr\u00e1fico y el presente aviso legal como consecuencia del uso incorrecto del sitio web. En particular, y a modo ejemplificativo, EL PROPIETARIO DE LA WEB no se hace responsable de las actuaciones de terceros que vulneren derechos de propiedad intelectual e industrial, secretos empresaria les, derechos al honor, a la intimidad personal y familiar y a la propia imagen, as\u00ed como la normativa en materia de competencia desleal y publicidad il\u00edcita.<\/p>\n<p>Asimismo, EL PROPIETARIO DE LA WEB declina cualquier responsabilidad respecto a la informaci\u00f3n que se halle fuera de esta web y no sea gestionada directamente por nuestro webmaster. La funci\u00f3n de los links que aparecen en esta web es exclusivamente la de informar al usuario sobre la existencia de otras fuentes susceptibles de ampliar los contenidos que ofrece este sitio web. EL PROPIETARIO DE LA WEB no garantiza ni se responsabiliza del funcionamiento o accesibilidad de los sitios enlazados; ni sugiere, invita o recomienda la visita a los mismos, por lo que tampoco ser\u00e1 responsable del resultado obtenido. EL PROPIETARIO DE LA WEB no se responsabiliza del establecimiento de hiperv\u00ednculos por parte de terceros.<\/p>\n<p>&nbsp;<\/p>\n<h3>4. POL\u00cdTICA DE PRIVACIDAD<\/h3>\n<p>Cuando precisemos obtener informaci\u00f3n por su parte, siempre le so licitaremos que nos la proporcione voluntariamente de forma expresa. Los datos recabados a trav\u00e9s de los formularios de recogida de datos del sitio web u otras v\u00edas ser\u00e1n incorporados a un fichero de datos de car\u00e1cter personal debidamente inscrito en el Registro General de Protecci\u00f3n de Datos de la Agencia Espa\u00f1ol a de Protecci\u00f3n de Datos, del cual es responsable EL PROPIETARIO DE LA WEB. Esta entidad tratar\u00e1 los datos de forma confidencial y exclusivamente con la finalidad de ofrecer los servicios solicitados, con todas las garant\u00edas legales y de seguridad que impone la Ley Org\u00e1nica 15\/1999, de 13 de diciembre, de Protecci\u00f3n de Datos de Car\u00e1cter Personal, el Real Decreto 1720\/2007, de 21 de diciembre y la Ley 34\/2002, de 11 de julio, de Servicios de la Sociedad de la Informaci\u00f3n y Comercio Electr\u00f3nico.<\/p>\n<p>EL PROPIETARIO DE LA WEB se compromete a no ceder, vender, ni compartir los datos con terceros sin su aprobaci\u00f3n expresa.<\/p>\n<p>Asimismo,\u00a0EL PROPIETARIO DE LA WEB cancelar\u00e1 o rectificar\u00e1 los datos cuando resulten inexactos, incompletos o hayan dejado de ser necesarios o pertinente s para su finalidad, de conformidad con lo previsto en la Ley Org\u00e1nica 15\/1999, de 13 de diciembre, de Protecci\u00f3n de Datos de Car\u00e1cter Personal.<\/p>\n<p>El usuario podr\u00e1 revocar el consentimiento prestado y ejercer los derechos de acceso, rectificaci\u00f3n, cancelaci\u00f3n y oposici\u00f3n dirigi\u00e9ndose a tal efecto al domicilio social de EL PROPIETARIO DE LA WEB, identific\u00e1ndose debidamente e indicando de forma visible el concreto derecho que se ejerce.<\/p>\n<p>EL PROPIETARIO DE LA WEB adopta los niveles de seguridad correspondientes requeridos por la citada Ley Org\u00e1nica 15\/1999 y dem\u00e1s normativa aplicable. No obstante, no asume ninguna responsabilidad por los da\u00f1os y perjuicios derivados de alteraciones que terceros pueden causar en los sistemas inform\u00e1ticos, documentos electr\u00f3nicos o ficheros del usuario.<\/p>\n<p>EL PROPIETARIO DE LA WEB podr\u00e1 utilizar cookies durante la prestaci\u00f3n de servicios del sitio web. Las cookies son ficheros f\u00edsicos de informaci\u00f3n personal alojados en el propio terminal del usuario. El usuario tiene la posibilidad de configurar su programa navegador de manera que se impida la creaci\u00f3n de archivos cookie o se advierta de la misma.<\/p>\n<p>Si opta a abandonar nuestro sitio web a trav\u00e9s de enlaces a sitios web no pertenecientes a nuestra entidad, EL PROPIETARIO DE LA WEB no se har\u00e1 responsable de las pol\u00edticas de privacidad de dichos sitios web ni de las cookies que \u00e9stos puedan almacenar en el ordenador del usuario.<\/p>\n<p>Esta p\u00e1gina web utiliza Google Analytics, un servicio anal\u00edtico de web prestado por Google, Inc., una compa\u00f1\u00eda de Delaware cuya oficina principal est\u00e1 en 1600 Amphitheatre Parkway, Mountain View (California), CA 94043, Estados Unidos (\u201cGoogle\u201d).<\/p>\n<p>Google Analytics utiliza \u201ccookies\u201d, que son ar chivos de texto ubicados en su ordenador, para ayudar al website a analizar el uso que hacen los usuarios del sitio web. La informaci\u00f3n que genera la cookie acerca de su uso del website (incluyendo su direcci\u00f3n IP) ser\u00e1 directamente transmitida y archivad a por Google en los servidores de Estados Unidos.<\/p>\n<p>Google usar\u00e1 esta informaci\u00f3n por cuenta nuestra con el prop\u00f3sito de seguir la pista de su uso del website, recopilando informes de la actividad del website y prestando otros servicios relacionados con la actividad del website y el uso de Internet.<\/p>\n<p>Google podr\u00e1 transmitir dicha informaci\u00f3n a terceros cuando as\u00ed se lo requiera la legislaci\u00f3n, o cuando dichos terceros proces en la informaci\u00f3n por cuenta de Google. Google no asociar\u00e1 su direcci\u00f3n IP con ning\u00fan otro dato del que disponga Google.<\/p>\n<p>Puede Usted rechazar el tratamiento de los datos o la informaci\u00f3n rechazando el uso de cookies mediante la selecci\u00f3n de la configuraci\u00f3n apropiada de su navegador, sin embargo, debe Usted saber que si lo hace puede ser que no pueda usar la plena funcionabilidad de este website. Al utilizar este website Usted consiente el tratamiento de informaci\u00f3n acerca de Usted por Google en la forma y para los fines arriba indicados.<\/p>\n<p>Nuestra pol\u00edtica con respecto al correo electr\u00f3nico se cent ra en remitir \u00fanicamente comunicaciones que usted haya solicitado recibir.<\/p>\n<p>Si prefiere no recibir estos mensajes por correo electr\u00f3nico le ofreceremos a trav\u00e9s de los mismos la posibilidad de ejercer su de recho de cancelaci\u00f3n y renuncia a la recepci\u00f3n de estos mensajes, en conformidad con lo dispuesto en el T\u00edtulo III, art\u00edculo 22 de la Ley 34\/2002 de Servicios para la Sociedad de la Informaci\u00f3n y de Comercio Electr\u00f3nico.<\/p>\n<p>&nbsp;<\/p>\n<h3>5. PROCEDIMIENTO EN CASO DE REALIZACI\u00d3N DE ACTIVIDADES DE CAR\u00c1CTER IL\u00cdCITO<\/h3>\n<p>En el caso de que cualquier usuario o un tercero considere que existen hechos o circunstancias que revelen el car\u00e1cter il\u00edcito de la utilizaci\u00f3n de cualquier contenido y\/o de la realizaci\u00f3n de cualquier actividad en las p\u00e1ginas web incluidas o accesibles a trav\u00e9s del sitio web, deber\u00e1 enviar una notificaci\u00f3n a EL PROPIETARIO DE LA WEB identific\u00e1ndose debidamente, especificando las supuestas infracciones y declarando expresamente y bajo su responsabilidad que la informaci\u00f3n proporcionada en la notificaci\u00f3n es exacta.<\/p>\n<p>Para toda cuesti\u00f3n litigiosa que incumba al sitio web de EL PROPIETARIO DE LA WEB, ser\u00e1 de aplicaci\u00f3n la legislaci\u00f3n espa\u00f1ola, siendo competentes los Juzgados y Tribunales de Espa\u00f1a.<\/p>\n<p>&nbsp;<\/p>\n<h3>6. PUBLICACIONES<\/h3>\n<p>La informaci\u00f3n administrativa facilitada a trav\u00e9s del sitio web no sustituye la publicidad legal de las leyes, normativas, planes, dis posiciones generales y actos que tengan que ser publicados formalmente a los diarios ofic iales de las administraciones p\u00fablicas, que constituyen el \u00fanico instrumento que da fe de su autenticidad y contenido. La informaci\u00f3n disponible en este sitio web debe entenderse como una gu\u00eda sin prop\u00f3sito de validez legal.<\/p>\n<p>&nbsp;<\/p>\n<h3 align=\"center\"><u><span style=\"color: #000000;\">PROTECCI\u00d3N DE DATOS<\/span><\/u><\/h3>\n<div align=\"justify\"><span style=\"color: #000000;\">Seg\u00fan la Ley Org\u00e1nica 15\/1999 de 13 de diciembre de Protecci\u00f3n de Datos de car\u00e1cter personal, JUAN FRANCISCO PIZARRO MA\u00d1OSO &#8211; TUFINCA SERVICIOS INMOBILIARIOS-, informa que los datos personales facilitados de forma voluntaria al cumplimentar los formularios de este sitio Web quedar\u00e1n incorporados de forma confidencial en la base de datos de JUAN FRANCISCO PIZARRO MA\u00d1OSO -TUFINCA SERVICIOS INMOBILIARIOS-.<\/span><\/div>\n<div align=\"justify\"><\/div>\n<div align=\"justify\"><span style=\"color: #000000;\">Asimismo, al registrarse, presta su consentimiento para que JUAN FRANCISCO PIZARRO MA\u00d1OSO -TUFINCA SERVICIOS INMOBILIARIOS- utilice sus datos personales con el fin de informarle sobre servicios o productos que pudiesen ser\u00a0 de su inter\u00e9s, respetando, en todo caso, la legislaci\u00f3n espa\u00f1ola sobre protecci\u00f3n de datos. En el supuesto que JUAN FRANCISCO PIZARRO MA\u00d1OSO -TUFINCA SERVICIOS INMOBILIARIOS-, prevea ceder sus datos personales a terceros, obtendr\u00e1 previamente su consentimiento inform\u00e1ndele de la finalidad a que se distinar\u00e1n dichos datos.<\/span><\/div>\n<div align=\"justify\"><\/div>\n<div align=\"justify\"><span style=\"color: #000000;\">Podr\u00e1 ejercitar sus derechos de acceso, rectificaci\u00f3n, cancelaci\u00f3n y oposici\u00f3n mediante petici\u00f3n escrita, junto a una fotocopia del D.N.I., dirigido a:<\/span><\/div>\n<div align=\"justify\"><\/div>\n<div align=\"justify\"><span style=\"color: #000000;\">JUAN FRANCISCO PIZARRO MA\u00d1OSO -TUFINCA SERVICIOS INMOBILIARIOS- C\/ Enrollada, 7 Miajadas (C\u00e1ceres), CP 10.100.<\/span><\/div>","protected":false},"excerpt":{"rendered":"<p>0. OBJETO Y ACEPTACI\u00d3N El presente aviso legal regula el uso del sitio web tufincasi.com\u00a0(en adelante, LA WEB), del que es titular JUAN FRANCISCO PIZARRO MA\u00d1OSO (en adelante, EL PROPIETARIO DE LA WEB). La navegaci\u00f3n por el sitio web de EL PROPIETARIO DE LA WEB atribuye la condici\u00f3n de usuario del mismo e implica la [&hellip;]<\/p>","protected":false},"author":1,"featured_media":6430,"parent":0,"menu_order":0,"comment_status":"closed","ping_status":"closed","template":"","meta":{"footnotes":""},"class_list":["post-2813","page","type-page","status-publish","has-post-thumbnail","hentry"],"yoast_head":"<!-- This site is optimized with the Yoast SEO plugin v26.5 - https:\/\/yoast.com\/wordpress\/plugins\/seo\/ -->\n<title>Aviso legal | Tu Finca<\/title>\n<meta name=\"description\" content=\"Aviso legal: El sitio web y sus servicios son de acceso libre y gratuito, no obstante\" \/>\n<meta name=\"robots\" content=\"index, follow, max-snippet:-1, max-image-preview:large, max-video-preview:-1\" \/>\n<link rel=\"canonical\" href=\"https:\/\/tufincasi.com\/en\/aviso-legal\/\" \/>\n<meta property=\"og:locale\" content=\"en_US\" \/>\n<meta property=\"og:type\" content=\"article\" \/>\n<meta property=\"og:title\" content=\"Aviso legal | Tu Finca\" \/>\n<meta property=\"og:description\" content=\"Aviso legal: El sitio web y sus servicios son de acceso libre y gratuito, no obstante\" \/>\n<meta property=\"og:url\" content=\"https:\/\/tufincasi.com\/en\/aviso-legal\/\" \/>\n<meta property=\"og:site_name\" content=\"Tu Finca servicios inmobiliarios\" \/>\n<meta property=\"article:modified_time\" content=\"2024-06-04T23:13:55+00:00\" \/>\n<meta property=\"og:image\" content=\"https:\/\/tufincasi.com\/wp-content\/uploads\/2021\/09\/logo-final.jpg\" \/>\n\t<meta property=\"og:image:width\" content=\"1395\" \/>\n\t<meta property=\"og:image:height\" content=\"1172\" \/>\n\t<meta property=\"og:image:type\" content=\"image\/jpeg\" \/>\n<meta name=\"twitter:card\" content=\"summary_large_image\" \/>\n<meta name=\"twitter:title\" content=\"Aviso legal | Tu Finca\" \/>\n<meta name=\"twitter:description\" content=\"Aviso legal: El sitio web y sus servicios son de acceso libre y gratuito, no obstante\" \/>\n<meta name=\"twitter:image\" content=\"https:\/\/tufincasi.com\/wp-content\/uploads\/2021\/09\/logo-final.jpg\" \/>\n<meta name=\"twitter:label1\" content=\"Est. reading time\" \/>\n\t<meta name=\"twitter:data1\" content=\"12 minutes\" \/>\n<script type=\"application\/ld+json\" class=\"yoast-schema-graph\">{\"@context\":\"https:\/\/schema.org\",\"@graph\":[{\"@type\":\"WebPage\",\"@id\":\"https:\/\/tufincasi.com\/aviso-legal\/\",\"url\":\"https:\/\/tufincasi.com\/aviso-legal\/\",\"name\":\"Aviso legal | Tu Finca\",\"isPartOf\":{\"@id\":\"https:\/\/tufincasi.com\/#website\"},\"primaryImageOfPage\":{\"@id\":\"https:\/\/tufincasi.com\/aviso-legal\/#primaryimage\"},\"image\":{\"@id\":\"https:\/\/tufincasi.com\/aviso-legal\/#primaryimage\"},\"thumbnailUrl\":\"https:\/\/tufincasi.com\/wp-content\/uploads\/2021\/09\/logo-final.jpg\",\"datePublished\":\"2017-05-04T18:02:05+00:00\",\"dateModified\":\"2024-06-04T23:13:55+00:00\",\"description\":\"Aviso legal: El sitio web y sus servicios son de acceso libre y gratuito, no obstante\",\"breadcrumb\":{\"@id\":\"https:\/\/tufincasi.com\/aviso-legal\/#breadcrumb\"},\"inLanguage\":\"en-US\",\"potentialAction\":[{\"@type\":\"ReadAction\",\"target\":[\"https:\/\/tufincasi.com\/aviso-legal\/\"]}]},{\"@type\":\"ImageObject\",\"inLanguage\":\"en-US\",\"@id\":\"https:\/\/tufincasi.com\/aviso-legal\/#primaryimage\",\"url\":\"https:\/\/tufincasi.com\/wp-content\/uploads\/2021\/09\/logo-final.jpg\",\"contentUrl\":\"https:\/\/tufincasi.com\/wp-content\/uploads\/2021\/09\/logo-final.jpg\",\"width\":1395,\"height\":1172,\"caption\":\"Logo | Tu Finca\"},{\"@type\":\"BreadcrumbList\",\"@id\":\"https:\/\/tufincasi.com\/aviso-legal\/#breadcrumb\",\"itemListElement\":[{\"@type\":\"ListItem\",\"position\":1,\"name\":\"Portada\",\"item\":\"https:\/\/tufincasi.com\/\"},{\"@type\":\"ListItem\",\"position\":2,\"name\":\"Aviso legal\"}]},{\"@type\":\"WebSite\",\"@id\":\"https:\/\/tufincasi.com\/#website\",\"url\":\"https:\/\/tufincasi.com\/\",\"name\":\"Tu Finca servicios inmobiliarios\",\"description\":\"Compra venta y alquiler de inmuebles, seguros y administraci\u00f3n de fincas\",\"potentialAction\":[{\"@type\":\"SearchAction\",\"target\":{\"@type\":\"EntryPoint\",\"urlTemplate\":\"https:\/\/tufincasi.com\/?s={search_term_string}\"},\"query-input\":{\"@type\":\"PropertyValueSpecification\",\"valueRequired\":true,\"valueName\":\"search_term_string\"}}],\"inLanguage\":\"en-US\"}]}<\/script>\n<!-- \/ Yoast SEO plugin. -->","yoast_head_json":{"title":"Aviso legal | Tu Finca","description":"Aviso legal: El sitio web y sus servicios son de acceso libre y gratuito, no obstante","robots":{"index":"index","follow":"follow","max-snippet":"max-snippet:-1","max-image-preview":"max-image-preview:large","max-video-preview":"max-video-preview:-1"},"canonical":"https:\/\/tufincasi.com\/en\/aviso-legal\/","og_locale":"en_US","og_type":"article","og_title":"Aviso legal | Tu Finca","og_description":"Aviso legal: El sitio web y sus servicios son de acceso libre y gratuito, no obstante","og_url":"https:\/\/tufincasi.com\/en\/aviso-legal\/","og_site_name":"Tu Finca servicios inmobiliarios","article_modified_time":"2024-06-04T23:13:55+00:00","og_image":[{"width":1395,"height":1172,"url":"https:\/\/tufincasi.com\/wp-content\/uploads\/2021\/09\/logo-final.jpg","type":"image\/jpeg"}],"twitter_card":"summary_large_image","twitter_title":"Aviso legal | Tu Finca","twitter_description":"Aviso legal: El sitio web y sus servicios son de acceso libre y gratuito, no obstante","twitter_image":"https:\/\/tufincasi.com\/wp-content\/uploads\/2021\/09\/logo-final.jpg","twitter_misc":{"Est. reading time":"12 minutes"},"schema":{"@context":"https:\/\/schema.org","@graph":[{"@type":"WebPage","@id":"https:\/\/tufincasi.com\/aviso-legal\/","url":"https:\/\/tufincasi.com\/aviso-legal\/","name":"Aviso legal | Tu Finca","isPartOf":{"@id":"https:\/\/tufincasi.com\/#website"},"primaryImageOfPage":{"@id":"https:\/\/tufincasi.com\/aviso-legal\/#primaryimage"},"image":{"@id":"https:\/\/tufincasi.com\/aviso-legal\/#primaryimage"},"thumbnailUrl":"https:\/\/tufincasi.com\/wp-content\/uploads\/2021\/09\/logo-final.jpg","datePublished":"2017-05-04T18:02:05+00:00","dateModified":"2024-06-04T23:13:55+00:00","description":"Aviso legal: El sitio web y sus servicios son de acceso libre y gratuito, no obstante","breadcrumb":{"@id":"https:\/\/tufincasi.com\/aviso-legal\/#breadcrumb"},"inLanguage":"en-US","potentialAction":[{"@type":"ReadAction","target":["https:\/\/tufincasi.com\/aviso-legal\/"]}]},{"@type":"ImageObject","inLanguage":"en-US","@id":"https:\/\/tufincasi.com\/aviso-legal\/#primaryimage","url":"https:\/\/tufincasi.com\/wp-content\/uploads\/2021\/09\/logo-final.jpg","contentUrl":"https:\/\/tufincasi.com\/wp-content\/uploads\/2021\/09\/logo-final.jpg","width":1395,"height":1172,"caption":"Logo | Tu Finca"},{"@type":"BreadcrumbList","@id":"https:\/\/tufincasi.com\/aviso-legal\/#breadcrumb","itemListElement":[{"@type":"ListItem","position":1,"name":"Portada","item":"https:\/\/tufincasi.com\/"},{"@type":"ListItem","position":2,"name":"Aviso legal"}]},{"@type":"WebSite","@id":"https:\/\/tufincasi.com\/#website","url":"https:\/\/tufincasi.com\/","name":"Tu Finca servicios inmobiliarios","description":"Compra venta y alquiler de inmuebles, seguros y administraci\u00f3n de fincas","potentialAction":[{"@type":"SearchAction","target":{"@type":"EntryPoint","urlTemplate":"https:\/\/tufincasi.com\/?s={search_term_string}"},"query-input":{"@type":"PropertyValueSpecification","valueRequired":true,"valueName":"search_term_string"}}],"inLanguage":"en-US"}]}},"_links":{"self":[{"href":"https:\/\/tufincasi.com\/en\/wp-json\/wp\/v2\/pages\/2813","targetHints":{"allow":["GET"]}}],"collection":[{"href":"https:\/\/tufincasi.com\/en\/wp-json\/wp\/v2\/pages"}],"about":[{"href":"https:\/\/tufincasi.com\/en\/wp-json\/wp\/v2\/types\/page"}],"author":[{"embeddable":true,"href":"https:\/\/tufincasi.com\/en\/wp-json\/wp\/v2\/users\/1"}],"replies":[{"embeddable":true,"href":"https:\/\/tufincasi.com\/en\/wp-json\/wp\/v2\/comments?post=2813"}],"version-history":[{"count":2,"href":"https:\/\/tufincasi.com\/en\/wp-json\/wp\/v2\/pages\/2813\/revisions"}],"predecessor-version":[{"id":2816,"href":"https:\/\/tufincasi.com\/en\/wp-json\/wp\/v2\/pages\/2813\/revisions\/2816"}],"wp:featuredmedia":[{"embeddable":true,"href":"https:\/\/tufincasi.com\/en\/wp-json\/wp\/v2\/media\/6430"}],"wp:attachment":[{"href":"https:\/\/tufincasi.com\/en\/wp-json\/wp\/v2\/media?parent=2813"}],"curies":[{"name":"wp","href":"https:\/\/api.w.org\/{rel}","templated":true}]}}